{"id":6364,"date":"2025-07-09T15:48:44","date_gmt":"2025-07-09T18:48:44","guid":{"rendered":"https:\/\/bridgecoffee.com.br\/?page_id=6364"},"modified":"2025-07-17T12:25:41","modified_gmt":"2025-07-17T15:25:41","slug":"seja-um-influenciador","status":"publish","type":"page","link":"https:\/\/bridgecoffee.com.br\/es\/seja-um-influenciador\/","title":{"rendered":"Seja um influenciador"},"content":{"rendered":"<div data-elementor-type=\"wp-page\" data-elementor-id=\"6364\" class=\"elementor elementor-6364\" data-elementor-post-type=\"page\">\n\t\t\t\t<div class=\"elementor-element elementor-element-a1a33fd e-flex e-con-boxed e-con e-parent\" data-id=\"a1a33fd\" data-element_type=\"container\" data-e-type=\"container\">\n\t\t\t\t\t<div class=\"e-con-inner\">\n\t\t\t\t<div class=\"elementor-element elementor-element-23cc38f elementor-widget elementor-widget-heading\" data-id=\"23cc38f\" data-element_type=\"widget\" data-e-type=\"widget\" data-widget_type=\"heading.default\">\n\t\t\t\t<div class=\"elementor-widget-container\">\n\t\t\t\t\t<h2 class=\"elementor-heading-title elementor-size-default\">Voc\u00ea tamb\u00e9m \u00e9 apaixonado(a) por caf\u00e9?<\/h2>\t\t\t\t<\/div>\n\t\t\t\t<\/div>\n\t\t\t\t\t<\/div>\n\t\t\t\t<\/div>\n\t\t<div class=\"elementor-element elementor-element-bd8300e e-flex e-con-boxed e-con e-parent\" data-id=\"bd8300e\" data-element_type=\"container\" data-e-type=\"container\" data-settings=\"{&quot;background_background&quot;:&quot;classic&quot;}\">\n\t\t\t\t\t<div class=\"e-con-inner\">\n\t\t\t\t<div class=\"elementor-element elementor-element-f36910e elementor-widget elementor-widget-heading\" data-id=\"f36910e\" data-element_type=\"widget\" data-e-type=\"widget\" data-widget_type=\"heading.default\">\n\t\t\t\t<div class=\"elementor-widget-container\">\n\t\t\t\t\t<h2 class=\"elementor-heading-title elementor-size-default\">Que tal mostrar o seu amor por <br>caf\u00e9 especial e poder ganhar por isso?<\/h2>\t\t\t\t<\/div>\n\t\t\t\t<\/div>\n\t\t\t\t\t<\/div>\n\t\t\t\t<\/div>\n\t\t<div class=\"elementor-element elementor-element-7623412 e-flex e-con-boxed e-con e-parent\" data-id=\"7623412\" data-element_type=\"container\" data-e-type=\"container\" data-settings=\"{&quot;background_background&quot;:&quot;classic&quot;}\">\n\t\t\t\t\t<div class=\"e-con-inner\">\n\t\t\t\t<div class=\"elementor-element elementor-element-afad045 elementor-widget elementor-widget-heading\" data-id=\"afad045\" data-element_type=\"widget\" data-e-type=\"widget\" data-widget_type=\"heading.default\">\n\t\t\t\t<div class=\"elementor-widget-container\">\n\t\t\t\t\t<h2 class=\"elementor-heading-title elementor-size-default\">Se voc\u00ea produz conte\u00fado aut\u00eantico, essa \u00e9 a <br>sua chance de ser apoiado pela Bridge Coffee!<\/h2>\t\t\t\t<\/div>\n\t\t\t\t<\/div>\n\t\t\t\t\t<\/div>\n\t\t\t\t<\/div>\n\t\t<div class=\"elementor-element elementor-element-9a706c1 e-flex e-con-boxed e-con e-parent\" data-id=\"9a706c1\" data-element_type=\"container\" data-e-type=\"container\">\n\t\t\t\t\t<div class=\"e-con-inner\">\n\t\t\t\t<div class=\"elementor-element elementor-element-b1c39d0 elementor-widget elementor-widget-heading\" data-id=\"b1c39d0\" data-element_type=\"widget\" data-e-type=\"widget\" data-widget_type=\"heading.default\">\n\t\t\t\t<div class=\"elementor-widget-container\">\n\t\t\t\t\t<h2 class=\"elementor-heading-title elementor-size-default\">Voc\u00ea pode ganhar:<\/h2>\t\t\t\t<\/div>\n\t\t\t\t<\/div>\n\t\t<div class=\"elementor-element elementor-element-3bff22a e-grid e-con-boxed e-con e-child\" data-id=\"3bff22a\" data-element_type=\"container\" data-e-type=\"container\">\n\t\t\t\t\t<div class=\"e-con-inner\">\n\t\t\t\t<div class=\"elementor-element elementor-element-9a8b919 elementor-widget elementor-widget-image\" data-id=\"9a8b919\" data-element_type=\"widget\" data-e-type=\"widget\" data-widget_type=\"image.default\">\n\t\t\t\t<div class=\"elementor-widget-container\">\n\t\t\t\t\t\t\t\t\t\t\t\t\t\t\t<img fetchpriority=\"high\" decoding=\"async\" width=\"512\" height=\"512\" src=\"https:\/\/bridgecoffee.com.br\/wp-content\/uploads\/2025\/07\/presente.png\" class=\"attachment-large size-large wp-image-6369\" alt=\"\" srcset=\"https:\/\/bridgecoffee.com.br\/wp-content\/uploads\/2025\/07\/presente.png 512w, https:\/\/bridgecoffee.com.br\/wp-content\/uploads\/2025\/07\/presente-300x300.png 300w, https:\/\/bridgecoffee.com.br\/wp-content\/uploads\/2025\/07\/presente-150x150.png 150w, https:\/\/bridgecoffee.com.br\/wp-content\/uploads\/2025\/07\/presente-12x12.png 12w\" sizes=\"(max-width: 512px) 100vw, 512px\" \/>\t\t\t\t\t\t\t\t\t\t\t\t\t\t\t<\/div>\n\t\t\t\t<\/div>\n\t\t\t\t<div class=\"elementor-element elementor-element-0f95cb8 elementor-widget elementor-widget-image\" data-id=\"0f95cb8\" data-element_type=\"widget\" data-e-type=\"widget\" data-widget_type=\"image.default\">\n\t\t\t\t<div class=\"elementor-widget-container\">\n\t\t\t\t\t\t\t\t\t\t\t\t\t\t\t<img decoding=\"async\" width=\"512\" height=\"512\" src=\"https:\/\/bridgecoffee.com.br\/wp-content\/uploads\/2025\/07\/cupom.png\" class=\"attachment-large size-large wp-image-6370\" alt=\"\" srcset=\"https:\/\/bridgecoffee.com.br\/wp-content\/uploads\/2025\/07\/cupom.png 512w, https:\/\/bridgecoffee.com.br\/wp-content\/uploads\/2025\/07\/cupom-300x300.png 300w, https:\/\/bridgecoffee.com.br\/wp-content\/uploads\/2025\/07\/cupom-150x150.png 150w, https:\/\/bridgecoffee.com.br\/wp-content\/uploads\/2025\/07\/cupom-12x12.png 12w\" sizes=\"(max-width: 512px) 100vw, 512px\" \/>\t\t\t\t\t\t\t\t\t\t\t\t\t\t\t<\/div>\n\t\t\t\t<\/div>\n\t\t\t\t<div class=\"elementor-element elementor-element-345c789 elementor-widget elementor-widget-image\" data-id=\"345c789\" data-element_type=\"widget\" data-e-type=\"widget\" data-widget_type=\"image.default\">\n\t\t\t\t<div class=\"elementor-widget-container\">\n\t\t\t\t\t\t\t\t\t\t\t\t\t\t\t<img decoding=\"async\" width=\"512\" height=\"512\" src=\"https:\/\/bridgecoffee.com.br\/wp-content\/uploads\/2025\/07\/notas.png\" class=\"attachment-large size-large wp-image-6371\" alt=\"\" srcset=\"https:\/\/bridgecoffee.com.br\/wp-content\/uploads\/2025\/07\/notas.png 512w, https:\/\/bridgecoffee.com.br\/wp-content\/uploads\/2025\/07\/notas-300x300.png 300w, https:\/\/bridgecoffee.com.br\/wp-content\/uploads\/2025\/07\/notas-150x150.png 150w, https:\/\/bridgecoffee.com.br\/wp-content\/uploads\/2025\/07\/notas-12x12.png 12w\" sizes=\"(max-width: 512px) 100vw, 512px\" \/>\t\t\t\t\t\t\t\t\t\t\t\t\t\t\t<\/div>\n\t\t\t\t<\/div>\n\t\t\t\t\t<\/div>\n\t\t\t\t<\/div>\n\t\t<div class=\"elementor-element elementor-element-c8bf748 e-grid e-con-full e-con e-child\" data-id=\"c8bf748\" data-element_type=\"container\" data-e-type=\"container\">\n\t\t\t\t<div class=\"elementor-element elementor-element-e1e3185 elementor-widget elementor-widget-heading\" data-id=\"e1e3185\" data-element_type=\"widget\" data-e-type=\"widget\" data-widget_type=\"heading.default\">\n\t\t\t\t<div class=\"elementor-widget-container\">\n\t\t\t\t\t<h2 class=\"elementor-heading-title elementor-size-default\">Receba gratuitamente todo <br>m\u00eas um kit com nossos caf\u00e9s!<\/h2>\t\t\t\t<\/div>\n\t\t\t\t<\/div>\n\t\t\t\t<div class=\"elementor-element elementor-element-7788524 elementor-widget elementor-widget-heading\" data-id=\"7788524\" data-element_type=\"widget\" data-e-type=\"widget\" data-widget_type=\"heading.default\">\n\t\t\t\t<div class=\"elementor-widget-container\">\n\t\t\t\t\t<h2 class=\"elementor-heading-title elementor-size-default\">Ganhe um cupom exclusivo <br>para compartilhar.<\/h2>\t\t\t\t<\/div>\n\t\t\t\t<\/div>\n\t\t\t\t<div class=\"elementor-element elementor-element-71503de elementor-widget elementor-widget-heading\" data-id=\"71503de\" data-element_type=\"widget\" data-e-type=\"widget\" data-widget_type=\"heading.default\">\n\t\t\t\t<div class=\"elementor-widget-container\">\n\t\t\t\t\t<h2 class=\"elementor-heading-title elementor-size-default\">Ap\u00f3s an\u00e1lise voc\u00ea pode <br> ganhar uma comiss\u00e3o!<\/h2>\t\t\t\t<\/div>\n\t\t\t\t<\/div>\n\t\t\t\t<\/div>\n\t\t\t\t\t<\/div>\n\t\t\t\t<\/div>\n\t\t<div class=\"elementor-element elementor-element-95b61c2 e-flex e-con-boxed e-con e-parent\" data-id=\"95b61c2\" data-element_type=\"container\" data-e-type=\"container\">\n\t\t\t\t\t<div class=\"e-con-inner\">\n\t\t\t\t<div class=\"elementor-element elementor-element-2035917 elementor-widget elementor-widget-heading\" data-id=\"2035917\" data-element_type=\"widget\" data-e-type=\"widget\" data-widget_type=\"heading.default\">\n\t\t\t\t<div class=\"elementor-widget-container\">\n\t\t\t\t\t<h2 class=\"elementor-heading-title elementor-size-default\">*Todos os cadastros s\u00e3o sujeitos a an\u00e1lise.<\/h2>\t\t\t\t<\/div>\n\t\t\t\t<\/div>\n\t\t\t\t\t<\/div>\n\t\t\t\t<\/div>\n\t\t<div class=\"elementor-element elementor-element-bed45a2 e-flex e-con-boxed e-con e-parent\" data-id=\"bed45a2\" data-element_type=\"container\" data-e-type=\"container\">\n\t\t\t\t\t<div class=\"e-con-inner\">\n\t\t\t\t<div class=\"elementor-element elementor-element-3c615e0 elementor-widget elementor-widget-heading\" data-id=\"3c615e0\" data-element_type=\"widget\" data-e-type=\"widget\" data-widget_type=\"heading.default\">\n\t\t\t\t<div class=\"elementor-widget-container\">\n\t\t\t\t\t<h2 class=\"elementor-heading-title elementor-size-default\">Preencha o formul\u00e1rio:<\/h2>\t\t\t\t<\/div>\n\t\t\t\t<\/div>\n\t\t\t\t\t<\/div>\n\t\t\t\t<\/div>\n\t\t<div class=\"elementor-element elementor-element-139693a e-flex e-con-boxed e-con e-parent\" data-id=\"139693a\" data-element_type=\"container\" data-e-type=\"container\">\n\t\t\t\t\t<div class=\"e-con-inner\">\n\t\t\t\t<div class=\"elementor-element elementor-element-660a811 elementor-button-align-stretch elementor-widget elementor-widget-form\" data-id=\"660a811\" data-element_type=\"widget\" data-e-type=\"widget\" data-settings=\"{&quot;step_next_label&quot;:&quot;Next&quot;,&quot;step_previous_label&quot;:&quot;Previous&quot;,&quot;button_width&quot;:&quot;100&quot;,&quot;step_type&quot;:&quot;number_text&quot;,&quot;step_icon_shape&quot;:&quot;circle&quot;}\" data-widget_type=\"form.default\">\n\t\t\t\t<div class=\"elementor-widget-container\">\n\t\t\t\t\t\t\t<form class=\"elementor-form\" method=\"post\" name=\"New Form\" aria-label=\"New Form\" action=\"\">\n\t\t\t<input type=\"hidden\" name=\"post_id\" value=\"6364\"\/>\n\t\t\t<input type=\"hidden\" name=\"form_id\" value=\"660a811\"\/>\n\t\t\t<input type=\"hidden\" name=\"referer_title\" value=\"Seja um influenciador - Bridge Coffee\" \/>\n\n\t\t\t\t\t\t\t<input type=\"hidden\" name=\"queried_id\" value=\"6364\"\/>\n\t\t\t\n\t\t\t<div class=\"elementor-form-fields-wrapper elementor-labels-above\">\n\t\t\t\t\t\t\t\t<div class=\"elementor-field-type-text elementor-field-group elementor-column elementor-field-group-name elementor-col-50 elementor-field-required elementor-mark-required\">\n\t\t\t\t\t\t\t\t\t\t\t\t<label for=\"form-field-name\" class=\"elementor-field-label\">\n\t\t\t\t\t\t\t\tNome\t\t\t\t\t\t\t<\/label>\n\t\t\t\t\t\t\t\t\t\t\t\t\t\t<input size=\"1\" type=\"text\" name=\"form_fields[name]\" id=\"form-field-name\" class=\"elementor-field elementor-size-sm  elementor-field-textual\" placeholder=\"O seu nome\" required=\"required\">\n\t\t\t\t\t\t\t\t\t\t\t<\/div>\n\t\t\t\t\t\t\t\t<div class=\"elementor-field-type-checkbox elementor-field-group elementor-column elementor-field-group-field_5d2282e elementor-col-50\">\n\t\t\t\t\t\t\t\t\t\t\t\t<label for=\"form-field-field_5d2282e\" class=\"elementor-field-label\">\n\t\t\t\t\t\t\t\tRedes sociais\t\t\t\t\t\t\t<\/label>\n\t\t\t\t\t\t<div class=\"elementor-field-subgroup  elementor-subgroup-inline\"><span class=\"elementor-field-option\"><input type=\"checkbox\" value=\"Instagram\" id=\"form-field-field_5d2282e-0\" name=\"form_fields[field_5d2282e][]\"> <label for=\"form-field-field_5d2282e-0\">Instagram<\/label><\/span><span class=\"elementor-field-option\"><input type=\"checkbox\" value=\"Tik Tok\" id=\"form-field-field_5d2282e-1\" name=\"form_fields[field_5d2282e][]\"> <label for=\"form-field-field_5d2282e-1\">Tik Tok<\/label><\/span><span class=\"elementor-field-option\"><input type=\"checkbox\" value=\"Youtube\" id=\"form-field-field_5d2282e-2\" name=\"form_fields[field_5d2282e][]\"> <label for=\"form-field-field_5d2282e-2\">Youtube<\/label><\/span><\/div>\t\t\t\t<\/div>\n\t\t\t\t\t\t\t\t<div class=\"elementor-field-type-text elementor-field-group elementor-column elementor-field-group-field_ada7abe elementor-col-50 elementor-field-required elementor-mark-required\">\n\t\t\t\t\t\t\t\t\t\t\t\t<label for=\"form-field-field_ada7abe\" class=\"elementor-field-label\">\n\t\t\t\t\t\t\t\tArroba da sua principal rede social\t\t\t\t\t\t\t<\/label>\n\t\t\t\t\t\t\t\t\t\t\t\t\t\t<input size=\"1\" type=\"text\" name=\"form_fields[field_ada7abe]\" id=\"form-field-field_ada7abe\" class=\"elementor-field elementor-size-sm  elementor-field-textual\" placeholder=\"Digite seu @ da rede social\" required=\"required\">\n\t\t\t\t\t\t\t\t\t\t\t<\/div>\n\t\t\t\t\t\t\t\t<div class=\"elementor-field-type-number elementor-field-group elementor-column elementor-field-group-field_4102996 elementor-col-50 elementor-field-required elementor-mark-required\">\n\t\t\t\t\t\t\t\t\t\t\t\t<label for=\"form-field-field_4102996\" class=\"elementor-field-label\">\n\t\t\t\t\t\t\t\tQuantos Seguidores da sua principal rede social\t\t\t\t\t\t\t<\/label>\n\t\t\t\t\t\t\t\t\t<input type=\"number\" name=\"form_fields[field_4102996]\" id=\"form-field-field_4102996\" class=\"elementor-field elementor-size-sm  elementor-field-textual\" placeholder=\"Digite a quantidade de seguidores\" required=\"required\" min=\"\" max=\"\" >\n\t\t\t\t\t\t<\/div>\n\t\t\t\t\t\t\t\t<div class=\"elementor-field-type-tel elementor-field-group elementor-column elementor-field-group-field_ffde322 elementor-col-50 elementor-field-required elementor-mark-required\">\n\t\t\t\t\t\t\t\t\t\t\t\t<label for=\"form-field-field_ffde322\" class=\"elementor-field-label\">\n\t\t\t\t\t\t\t\tN\u00famero Whatsapp\t\t\t\t\t\t\t<\/label>\n\t\t\t\t\t\t\t\t<input size=\"1\" type=\"tel\" name=\"form_fields[field_ffde322]\" id=\"form-field-field_ffde322\" class=\"elementor-field elementor-size-sm  elementor-field-textual\" placeholder=\"Digite o n\u00famero do seu Whatsapp\" required=\"required\" pattern=\"[0-9()#&amp;+*-=.]+\" title=\"Only numbers and phone characters (#, -, *, etc) are accepted.\">\n\n\t\t\t\t\t\t<\/div>\n\t\t\t\t\t\t\t\t<div class=\"elementor-field-type-email elementor-field-group elementor-column elementor-field-group-field_6eff89a elementor-col-50\">\n\t\t\t\t\t\t\t\t\t\t\t\t<label for=\"form-field-field_6eff89a\" class=\"elementor-field-label\">\n\t\t\t\t\t\t\t\tE-mail\t\t\t\t\t\t\t<\/label>\n\t\t\t\t\t\t\t\t\t\t\t\t\t\t<input size=\"1\" type=\"email\" name=\"form_fields[field_6eff89a]\" id=\"form-field-field_6eff89a\" class=\"elementor-field elementor-size-sm  elementor-field-textual\" placeholder=\"Digite o seu e-mail\">\n\t\t\t\t\t\t\t\t\t\t\t<\/div>\n\t\t\t\t\t\t\t\t<div class=\"elementor-field-type-textarea elementor-field-group elementor-column elementor-field-group-field_98558a1 elementor-col-100\">\n\t\t\t\t\t\t\t\t\t\t\t\t<label for=\"form-field-field_98558a1\" class=\"elementor-field-label\">\n\t\t\t\t\t\t\t\tFale um pouco sobre voc\u00ea\t\t\t\t\t\t\t<\/label>\n\t\t\t\t\t\t<textarea class=\"elementor-field-textual elementor-field  elementor-size-sm\" name=\"form_fields[field_98558a1]\" id=\"form-field-field_98558a1\" rows=\"4\" placeholder=\"Escreva um pouco sobre voc\u00ea\"><\/textarea>\t\t\t\t<\/div>\n\t\t\t\t\t\t\t\t<div class=\"elementor-field-group elementor-column elementor-field-type-submit elementor-col-100 e-form__buttons\">\n\t\t\t\t\t<button class=\"elementor-button elementor-size-sm\" type=\"submit\">\n\t\t\t\t\t\t<span class=\"elementor-button-content-wrapper\">\n\t\t\t\t\t\t\t\t\t\t\t\t\t\t\t<span class=\"elementor-button-icon\">\n\t\t\t\t\t\t\t\t\t<svg aria-hidden=\"true\" class=\"e-font-icon-svg e-fas-long-arrow-alt-right\" viewbox=\"0 0 448 512\" xmlns=\"http:\/\/www.w3.org\/2000\/svg\"><path d=\"M313.941 216H12c-6.627 0-12 5.373-12 12v56c0 6.627 5.373 12 12 12h301.941v46.059c0 21.382 25.851 32.09 40.971 16.971l86.059-86.059c9.373-9.373 9.373-24.569 0-33.941l-86.059-86.059c-15.119-15.119-40.971-4.411-40.971 16.971V216z\"><\/path><\/svg>\t\t\t\t\t\t\t\t\t\t\t\t\t\t\t\t\t<\/span>\n\t\t\t\t\t\t\t\t\t\t\t\t\t\t\t\t\t\t\t\t\t\t<span class=\"elementor-button-text\">Enviar<\/span>\n\t\t\t\t\t\t\t\t\t\t\t\t\t<\/span>\n\t\t\t\t\t<\/button>\n\t\t\t\t<\/div>\n\t\t\t<\/div>\n\t\t<input type=\"hidden\" name=\"trp-form-language\" value=\"es\"\/><\/form>\n\t\t\t\t\t\t<\/div>\n\t\t\t\t<\/div>\n\t\t\t\t\t<\/div>\n\t\t\t\t<\/div>\n\t\t\t\t<\/div>","protected":false},"excerpt":{"rendered":"<p>Voc\u00ea tamb\u00e9m \u00e9 apaixonado(a) por caf\u00e9? Que tal mostrar o seu amor por caf\u00e9 especial e poder ganhar por isso? Se voc\u00ea produz conte\u00fado aut\u00eantico, essa \u00e9 a sua chance de ser apoiado pela Bridge Coffee! Voc\u00ea pode ganhar: Receba gratuitamente todo m\u00eas um kit com nossos caf\u00e9s! Ganhe um cupom exclusivo para compartilhar. Ap\u00f3s [&hellip;]<\/p>","protected":false},"author":1,"featured_media":0,"parent":0,"menu_order":0,"comment_status":"closed","ping_status":"closed","template":"elementor_header_footer","meta":{"om_disable_all_campaigns":false,"_monsterinsights_skip_tracking":false,"_monsterinsights_sitenote_active":false,"_monsterinsights_sitenote_note":"","_monsterinsights_sitenote_category":0,"footnotes":""},"class_list":["post-6364","page","type-page","status-publish","hentry","entry"],"aioseo_notices":[],"_links":{"self":[{"href":"https:\/\/bridgecoffee.com.br\/es\/wp-json\/wp\/v2\/pages\/6364","targetHints":{"allow":["GET"]}}],"collection":[{"href":"https:\/\/bridgecoffee.com.br\/es\/wp-json\/wp\/v2\/pages"}],"about":[{"href":"https:\/\/bridgecoffee.com.br\/es\/wp-json\/wp\/v2\/types\/page"}],"author":[{"embeddable":true,"href":"https:\/\/bridgecoffee.com.br\/es\/wp-json\/wp\/v2\/users\/1"}],"replies":[{"embeddable":true,"href":"https:\/\/bridgecoffee.com.br\/es\/wp-json\/wp\/v2\/comments?post=6364"}],"version-history":[{"count":0,"href":"https:\/\/bridgecoffee.com.br\/es\/wp-json\/wp\/v2\/pages\/6364\/revisions"}],"wp:attachment":[{"href":"https:\/\/bridgecoffee.com.br\/es\/wp-json\/wp\/v2\/media?parent=6364"}],"curies":[{"name":"wp","href":"https:\/\/api.w.org\/{rel}","templated":true}]}}