{"id":5557,"date":"2024-03-13T15:06:26","date_gmt":"2024-03-13T18:06:26","guid":{"rendered":"https:\/\/bridgecoffee.com.br\/?page_id=5557"},"modified":"2024-08-27T15:39:40","modified_gmt":"2024-08-27T18:39:40","slug":"receitas","status":"publish","type":"page","link":"https:\/\/bridgecoffee.com.br\/es\/receitas\/","title":{"rendered":"Receitas"},"content":{"rendered":"<div data-elementor-type=\"wp-page\" data-elementor-id=\"5557\" class=\"elementor elementor-5557\" data-elementor-post-type=\"page\">\n\t\t\t\t\t\t<section class=\"elementor-section elementor-top-section elementor-element elementor-element-fe0d3f6 elementor-section-boxed elementor-section-height-default elementor-section-height-default\" data-id=\"fe0d3f6\" data-element_type=\"section\" data-e-type=\"section\" data-settings=\"{&quot;background_background&quot;:&quot;classic&quot;}\">\n\t\t\t\t\t\t<div class=\"elementor-container elementor-column-gap-default\">\n\t\t\t\t\t<div class=\"elementor-column elementor-col-100 elementor-top-column elementor-element elementor-element-a24577d\" data-id=\"a24577d\" data-element_type=\"column\" data-e-type=\"column\">\n\t\t\t<div class=\"elementor-widget-wrap elementor-element-populated\">\n\t\t\t\t\t\t<div class=\"elementor-element elementor-element-02a43ab elementor-view-default elementor-position-block-start elementor-mobile-position-block-start elementor-widget elementor-widget-icon-box\" data-id=\"02a43ab\" data-element_type=\"widget\" data-e-type=\"widget\" data-widget_type=\"icon-box.default\">\n\t\t\t\t<div class=\"elementor-widget-container\">\n\t\t\t\t\t\t\t<div class=\"elementor-icon-box-wrapper\">\n\n\t\t\t\t\t\t<div class=\"elementor-icon-box-icon\">\n\t\t\t\t<span  class=\"elementor-icon\">\n\t\t\t\t<svg aria-hidden=\"true\" class=\"e-font-icon-svg e-fas-blender\" viewbox=\"0 0 512 512\" xmlns=\"http:\/\/www.w3.org\/2000\/svg\"><path d=\"M416 384H160c-35.35 0-64 28.65-64 64v32c0 17.67 14.33 32 32 32h320c17.67 0 32-14.33 32-32v-32c0-35.35-28.65-64-64-64zm-128 96c-17.67 0-32-14.33-32-32s14.33-32 32-32 32 14.33 32 32-14.33 32-32 32zm40-416h166.54L512 0H48C21.49 0 0 21.49 0 48v160c0 26.51 21.49 48 48 48h103.27l8.73 96h256l17.46-64H328c-4.42 0-8-3.58-8-8v-16c0-4.42 3.58-8 8-8h114.18l17.46-64H328c-4.42 0-8-3.58-8-8v-16c0-4.42 3.58-8 8-8h140.36l17.46-64H328c-4.42 0-8-3.58-8-8V72c0-4.42 3.58-8 8-8zM64 192V64h69.82l11.64 128H64z\"><\/path><\/svg>\t\t\t\t<\/span>\n\t\t\t<\/div>\n\t\t\t\n\t\t\t\t\t\t<div class=\"elementor-icon-box-content\">\n\n\t\t\t\t\t\t\t\t\t<h3 class=\"elementor-icon-box-title\">\n\t\t\t\t\t\t<span  >\n\t\t\t\t\t\t\tReceitas\t\t\t\t\t\t<\/span>\n\t\t\t\t\t<\/h3>\n\t\t\t\t\n\t\t\t\t\n\t\t\t<\/div>\n\t\t\t\n\t\t<\/div>\n\t\t\t\t\t\t<\/div>\n\t\t\t\t<\/div>\n\t\t\t\t\t<\/div>\n\t\t<\/div>\n\t\t\t\t\t<\/div>\n\t\t<\/section>\n\t\t\t\t<section class=\"elementor-section elementor-top-section elementor-element elementor-element-8b33fef elementor-section-boxed elementor-section-height-default elementor-section-height-default\" data-id=\"8b33fef\" data-element_type=\"section\" data-e-type=\"section\">\n\t\t\t\t\t\t<div class=\"elementor-container elementor-column-gap-default\">\n\t\t\t\t\t<div class=\"elementor-column elementor-col-100 elementor-top-column elementor-element elementor-element-ae2b4c4\" data-id=\"ae2b4c4\" data-element_type=\"column\" data-e-type=\"column\">\n\t\t\t<div class=\"elementor-widget-wrap elementor-element-populated\">\n\t\t\t\t\t\t<div class=\"elementor-element elementor-element-7569c5d elementor-grid-3 elementor-grid-tablet-2 elementor-grid-mobile-1 elementor-posts--thumbnail-top load-more-align-center elementor-widget elementor-widget-posts\" data-id=\"7569c5d\" data-element_type=\"widget\" data-e-type=\"widget\" data-settings=\"{&quot;pagination_type&quot;:&quot;load_more_on_click&quot;,&quot;classic_masonry&quot;:&quot;yes&quot;,&quot;classic_row_gap&quot;:{&quot;unit&quot;:&quot;px&quot;,&quot;size&quot;:22,&quot;sizes&quot;:[]},&quot;classic_columns&quot;:&quot;3&quot;,&quot;classic_columns_tablet&quot;:&quot;2&quot;,&quot;classic_columns_mobile&quot;:&quot;1&quot;,&quot;classic_row_gap_tablet&quot;:{&quot;unit&quot;:&quot;px&quot;,&quot;size&quot;:&quot;&quot;,&quot;sizes&quot;:[]},&quot;classic_row_gap_mobile&quot;:{&quot;unit&quot;:&quot;px&quot;,&quot;size&quot;:&quot;&quot;,&quot;sizes&quot;:[]},&quot;load_more_spinner&quot;:{&quot;value&quot;:&quot;fas fa-spinner&quot;,&quot;library&quot;:&quot;fa-solid&quot;}}\" data-widget_type=\"posts.classic\">\n\t\t\t\t<div class=\"elementor-widget-container\">\n\t\t\t\t\t\t\t<div class=\"elementor-posts-container elementor-posts elementor-posts--skin-classic elementor-grid\" role=\"list\">\n\t\t\t\t<article class=\"elementor-post elementor-grid-item post-6422 post type-post status-publish format-standard has-post-thumbnail hentry category-receitas entry has-media\" role=\"listitem\">\n\t\t\t\t<a class=\"elementor-post__thumbnail__link\" href=\"https:\/\/bridgecoffee.com.br\/es\/bolo-de-fuba-com-goiabada\/\" tabindex=\"-1\" >\n\t\t\t<div class=\"elementor-post__thumbnail\"><img fetchpriority=\"high\" decoding=\"async\" width=\"1080\" height=\"1080\" src=\"https:\/\/bridgecoffee.com.br\/wp-content\/uploads\/2025\/08\/08141.png\" class=\"attachment-full size-full wp-image-6423\" alt=\"\" srcset=\"https:\/\/bridgecoffee.com.br\/wp-content\/uploads\/2025\/08\/08141.png 1080w, https:\/\/bridgecoffee.com.br\/wp-content\/uploads\/2025\/08\/08141-300x300.png 300w, https:\/\/bridgecoffee.com.br\/wp-content\/uploads\/2025\/08\/08141-1024x1024.png 1024w, https:\/\/bridgecoffee.com.br\/wp-content\/uploads\/2025\/08\/08141-150x150.png 150w, https:\/\/bridgecoffee.com.br\/wp-content\/uploads\/2025\/08\/08141-768x768.png 768w, https:\/\/bridgecoffee.com.br\/wp-content\/uploads\/2025\/08\/08141-12x12.png 12w, https:\/\/bridgecoffee.com.br\/wp-content\/uploads\/2025\/08\/08141-600x600.png 600w\" sizes=\"(max-width: 1080px) 100vw, 1080px\" \/><\/div>\n\t\t<\/a>\n\t\t\t\t<div class=\"elementor-post__text\">\n\t\t\t\t<h3 class=\"elementor-post__title\">\n\t\t\t<a href=\"https:\/\/bridgecoffee.com.br\/es\/bolo-de-fuba-com-goiabada\/\" >\n\t\t\t\tBolo de Fub\u00e1 com Goiabada\t\t\t<\/a>\n\t\t<\/h3>\n\t\t\t\t<div class=\"elementor-post__meta-data\">\n\t\t\t\t\t<span class=\"elementor-post-date\">\n\t\t\t16\/08\/2025\t\t<\/span>\n\t\t\t\t<\/div>\n\t\t\t\t<div class=\"elementor-post__excerpt\">\n\t\t\t<p>Ingredientes: Modo de Preparo: Confira a receita em v\u00eddeo:<\/p>\n\t\t<\/div>\n\t\t\n\t\t<a class=\"elementor-post__read-more\" href=\"https:\/\/bridgecoffee.com.br\/es\/bolo-de-fuba-com-goiabada\/\" aria-label=\"Read more about Bolo de Fub\u00e1 com Goiabada\" tabindex=\"-1\" >\n\t\t\tContinue lendo \u00bb\t\t<\/a>\n\n\t\t\t\t<\/div>\n\t\t\t\t<\/article>\n\t\t\t\t<article class=\"elementor-post elementor-grid-item post-6419 post type-post status-publish format-standard has-post-thumbnail hentry category-receitas entry has-media\" role=\"listitem\">\n\t\t\t\t<a class=\"elementor-post__thumbnail__link\" href=\"https:\/\/bridgecoffee.com.br\/es\/avocado-toast-com-ovos-cremosos\/\" tabindex=\"-1\" >\n\t\t\t<div class=\"elementor-post__thumbnail\"><img decoding=\"async\" width=\"1080\" height=\"1080\" src=\"https:\/\/bridgecoffee.com.br\/wp-content\/uploads\/2025\/08\/0814.png\" class=\"attachment-full size-full wp-image-6420\" alt=\"\" srcset=\"https:\/\/bridgecoffee.com.br\/wp-content\/uploads\/2025\/08\/0814.png 1080w, https:\/\/bridgecoffee.com.br\/wp-content\/uploads\/2025\/08\/0814-300x300.png 300w, https:\/\/bridgecoffee.com.br\/wp-content\/uploads\/2025\/08\/0814-1024x1024.png 1024w, https:\/\/bridgecoffee.com.br\/wp-content\/uploads\/2025\/08\/0814-150x150.png 150w, https:\/\/bridgecoffee.com.br\/wp-content\/uploads\/2025\/08\/0814-768x768.png 768w, https:\/\/bridgecoffee.com.br\/wp-content\/uploads\/2025\/08\/0814-12x12.png 12w, https:\/\/bridgecoffee.com.br\/wp-content\/uploads\/2025\/08\/0814-600x600.png 600w\" sizes=\"(max-width: 1080px) 100vw, 1080px\" \/><\/div>\n\t\t<\/a>\n\t\t\t\t<div class=\"elementor-post__text\">\n\t\t\t\t<h3 class=\"elementor-post__title\">\n\t\t\t<a href=\"https:\/\/bridgecoffee.com.br\/es\/avocado-toast-com-ovos-cremosos\/\" >\n\t\t\t\tAvocado Toast com Ovos Cremosos\t\t\t<\/a>\n\t\t<\/h3>\n\t\t\t\t<div class=\"elementor-post__meta-data\">\n\t\t\t\t\t<span class=\"elementor-post-date\">\n\t\t\t14\/08\/2025\t\t<\/span>\n\t\t\t\t<\/div>\n\t\t\t\t<div class=\"elementor-post__excerpt\">\n\t\t\t<p>Ingredientes: Modo de Preparo: Confira em v\u00eddeo:<\/p>\n\t\t<\/div>\n\t\t\n\t\t<a class=\"elementor-post__read-more\" href=\"https:\/\/bridgecoffee.com.br\/es\/avocado-toast-com-ovos-cremosos\/\" aria-label=\"Read more about Avocado Toast com Ovos Cremosos\" tabindex=\"-1\" >\n\t\t\tContinue lendo \u00bb\t\t<\/a>\n\n\t\t\t\t<\/div>\n\t\t\t\t<\/article>\n\t\t\t\t<article class=\"elementor-post elementor-grid-item post-6337 post type-post status-publish format-standard has-post-thumbnail hentry category-receitas entry has-media\" role=\"listitem\">\n\t\t\t\t<a class=\"elementor-post__thumbnail__link\" href=\"https:\/\/bridgecoffee.com.br\/es\/bolinho-de-chuva\/\" tabindex=\"-1\" >\n\t\t\t<div class=\"elementor-post__thumbnail\"><img decoding=\"async\" width=\"1080\" height=\"1080\" src=\"https:\/\/bridgecoffee.com.br\/wp-content\/uploads\/2025\/05\/05201.png\" class=\"attachment-full size-full wp-image-6338\" alt=\"\" srcset=\"https:\/\/bridgecoffee.com.br\/wp-content\/uploads\/2025\/05\/05201.png 1080w, https:\/\/bridgecoffee.com.br\/wp-content\/uploads\/2025\/05\/05201-300x300.png 300w, https:\/\/bridgecoffee.com.br\/wp-content\/uploads\/2025\/05\/05201-1024x1024.png 1024w, https:\/\/bridgecoffee.com.br\/wp-content\/uploads\/2025\/05\/05201-150x150.png 150w, https:\/\/bridgecoffee.com.br\/wp-content\/uploads\/2025\/05\/05201-768x768.png 768w, https:\/\/bridgecoffee.com.br\/wp-content\/uploads\/2025\/05\/05201-12x12.png 12w, https:\/\/bridgecoffee.com.br\/wp-content\/uploads\/2025\/05\/05201-600x600.png 600w\" sizes=\"(max-width: 1080px) 100vw, 1080px\" \/><\/div>\n\t\t<\/a>\n\t\t\t\t<div class=\"elementor-post__text\">\n\t\t\t\t<h3 class=\"elementor-post__title\">\n\t\t\t<a href=\"https:\/\/bridgecoffee.com.br\/es\/bolinho-de-chuva\/\" >\n\t\t\t\tBolinho de Chuva\t\t\t<\/a>\n\t\t<\/h3>\n\t\t\t\t<div class=\"elementor-post__meta-data\">\n\t\t\t\t\t<span class=\"elementor-post-date\">\n\t\t\t23\/05\/2025\t\t<\/span>\n\t\t\t\t<\/div>\n\t\t\t\t<div class=\"elementor-post__excerpt\">\n\t\t\t<p>Ingredientes: Para finalizar: Modo de Preparo: Fritura: Finaliza\u00e7\u00e3o:<\/p>\n\t\t<\/div>\n\t\t\n\t\t<a class=\"elementor-post__read-more\" href=\"https:\/\/bridgecoffee.com.br\/es\/bolinho-de-chuva\/\" aria-label=\"Read more about Bolinho de Chuva\" tabindex=\"-1\" >\n\t\t\tContinue lendo \u00bb\t\t<\/a>\n\n\t\t\t\t<\/div>\n\t\t\t\t<\/article>\n\t\t\t\t<article class=\"elementor-post elementor-grid-item post-6334 post type-post status-publish format-standard has-post-thumbnail hentry category-receitas entry has-media\" role=\"listitem\">\n\t\t\t\t<a class=\"elementor-post__thumbnail__link\" href=\"https:\/\/bridgecoffee.com.br\/es\/bolo-de-laranja\/\" tabindex=\"-1\" >\n\t\t\t<div class=\"elementor-post__thumbnail\"><img loading=\"lazy\" decoding=\"async\" width=\"1080\" height=\"1080\" src=\"https:\/\/bridgecoffee.com.br\/wp-content\/uploads\/2025\/05\/0520.png\" class=\"attachment-full size-full wp-image-6335\" alt=\"\" srcset=\"https:\/\/bridgecoffee.com.br\/wp-content\/uploads\/2025\/05\/0520.png 1080w, https:\/\/bridgecoffee.com.br\/wp-content\/uploads\/2025\/05\/0520-300x300.png 300w, https:\/\/bridgecoffee.com.br\/wp-content\/uploads\/2025\/05\/0520-1024x1024.png 1024w, https:\/\/bridgecoffee.com.br\/wp-content\/uploads\/2025\/05\/0520-150x150.png 150w, https:\/\/bridgecoffee.com.br\/wp-content\/uploads\/2025\/05\/0520-768x768.png 768w, https:\/\/bridgecoffee.com.br\/wp-content\/uploads\/2025\/05\/0520-12x12.png 12w, https:\/\/bridgecoffee.com.br\/wp-content\/uploads\/2025\/05\/0520-600x600.png 600w\" sizes=\"(max-width: 1080px) 100vw, 1080px\" \/><\/div>\n\t\t<\/a>\n\t\t\t\t<div class=\"elementor-post__text\">\n\t\t\t\t<h3 class=\"elementor-post__title\">\n\t\t\t<a href=\"https:\/\/bridgecoffee.com.br\/es\/bolo-de-laranja\/\" >\n\t\t\t\tBolo de Laranja\t\t\t<\/a>\n\t\t<\/h3>\n\t\t\t\t<div class=\"elementor-post__meta-data\">\n\t\t\t\t\t<span class=\"elementor-post-date\">\n\t\t\t21\/05\/2025\t\t<\/span>\n\t\t\t\t<\/div>\n\t\t\t\t<div class=\"elementor-post__excerpt\">\n\t\t\t<p>Ingredientes da Massa: Ingredientes da Calda: Modo de Preparo: Massa: Calda de Laranja: Finaliza\u00e7\u00e3o:<\/p>\n\t\t<\/div>\n\t\t\n\t\t<a class=\"elementor-post__read-more\" href=\"https:\/\/bridgecoffee.com.br\/es\/bolo-de-laranja\/\" aria-label=\"Read more about Bolo de Laranja\" tabindex=\"-1\" >\n\t\t\tContinue lendo \u00bb\t\t<\/a>\n\n\t\t\t\t<\/div>\n\t\t\t\t<\/article>\n\t\t\t\t<article class=\"elementor-post elementor-grid-item post-6307 post type-post status-publish format-standard has-post-thumbnail hentry category-receitas entry has-media\" role=\"listitem\">\n\t\t\t\t<a class=\"elementor-post__thumbnail__link\" href=\"https:\/\/bridgecoffee.com.br\/es\/cuca-de-banana\/\" tabindex=\"-1\" >\n\t\t\t<div class=\"elementor-post__thumbnail\"><img loading=\"lazy\" decoding=\"async\" width=\"1080\" height=\"1080\" src=\"https:\/\/bridgecoffee.com.br\/wp-content\/uploads\/2025\/05\/05051.png\" class=\"attachment-full size-full wp-image-6308\" alt=\"\" srcset=\"https:\/\/bridgecoffee.com.br\/wp-content\/uploads\/2025\/05\/05051.png 1080w, https:\/\/bridgecoffee.com.br\/wp-content\/uploads\/2025\/05\/05051-300x300.png 300w, https:\/\/bridgecoffee.com.br\/wp-content\/uploads\/2025\/05\/05051-1024x1024.png 1024w, https:\/\/bridgecoffee.com.br\/wp-content\/uploads\/2025\/05\/05051-150x150.png 150w, https:\/\/bridgecoffee.com.br\/wp-content\/uploads\/2025\/05\/05051-768x768.png 768w, https:\/\/bridgecoffee.com.br\/wp-content\/uploads\/2025\/05\/05051-12x12.png 12w, https:\/\/bridgecoffee.com.br\/wp-content\/uploads\/2025\/05\/05051-600x600.png 600w\" sizes=\"(max-width: 1080px) 100vw, 1080px\" \/><\/div>\n\t\t<\/a>\n\t\t\t\t<div class=\"elementor-post__text\">\n\t\t\t\t<h3 class=\"elementor-post__title\">\n\t\t\t<a href=\"https:\/\/bridgecoffee.com.br\/es\/cuca-de-banana\/\" >\n\t\t\t\tCuca de Banana\t\t\t<\/a>\n\t\t<\/h3>\n\t\t\t\t<div class=\"elementor-post__meta-data\">\n\t\t\t\t\t<span class=\"elementor-post-date\">\n\t\t\t07\/05\/2025\t\t<\/span>\n\t\t\t\t<\/div>\n\t\t\t\t<div class=\"elementor-post__excerpt\">\n\t\t\t<p>Ingredientes da Massa: Ingredientes da Farofa: Para Montar: Modo de Preparo:<\/p>\n\t\t<\/div>\n\t\t\n\t\t<a class=\"elementor-post__read-more\" href=\"https:\/\/bridgecoffee.com.br\/es\/cuca-de-banana\/\" aria-label=\"Read more about Cuca de Banana\" tabindex=\"-1\" >\n\t\t\tContinue lendo \u00bb\t\t<\/a>\n\n\t\t\t\t<\/div>\n\t\t\t\t<\/article>\n\t\t\t\t<article class=\"elementor-post elementor-grid-item post-6304 post type-post status-publish format-standard has-post-thumbnail hentry category-receitas entry has-media\" role=\"listitem\">\n\t\t\t\t<a class=\"elementor-post__thumbnail__link\" href=\"https:\/\/bridgecoffee.com.br\/es\/panqueca-americana-com-geleia-de-frutas-vermelhas\/\" tabindex=\"-1\" >\n\t\t\t<div class=\"elementor-post__thumbnail\"><img loading=\"lazy\" decoding=\"async\" width=\"1080\" height=\"1080\" src=\"https:\/\/bridgecoffee.com.br\/wp-content\/uploads\/2025\/05\/0505-1.png\" class=\"attachment-full size-full wp-image-6305\" alt=\"\" srcset=\"https:\/\/bridgecoffee.com.br\/wp-content\/uploads\/2025\/05\/0505-1.png 1080w, https:\/\/bridgecoffee.com.br\/wp-content\/uploads\/2025\/05\/0505-1-300x300.png 300w, https:\/\/bridgecoffee.com.br\/wp-content\/uploads\/2025\/05\/0505-1-1024x1024.png 1024w, https:\/\/bridgecoffee.com.br\/wp-content\/uploads\/2025\/05\/0505-1-150x150.png 150w, https:\/\/bridgecoffee.com.br\/wp-content\/uploads\/2025\/05\/0505-1-768x768.png 768w, https:\/\/bridgecoffee.com.br\/wp-content\/uploads\/2025\/05\/0505-1-12x12.png 12w, https:\/\/bridgecoffee.com.br\/wp-content\/uploads\/2025\/05\/0505-1-600x600.png 600w\" sizes=\"(max-width: 1080px) 100vw, 1080px\" \/><\/div>\n\t\t<\/a>\n\t\t\t\t<div class=\"elementor-post__text\">\n\t\t\t\t<h3 class=\"elementor-post__title\">\n\t\t\t<a href=\"https:\/\/bridgecoffee.com.br\/es\/panqueca-americana-com-geleia-de-frutas-vermelhas\/\" >\n\t\t\t\tPanqueca Americana com Geleia de Frutas Vermelhas\t\t\t<\/a>\n\t\t<\/h3>\n\t\t\t\t<div class=\"elementor-post__meta-data\">\n\t\t\t\t\t<span class=\"elementor-post-date\">\n\t\t\t05\/05\/2025\t\t<\/span>\n\t\t\t\t<\/div>\n\t\t\t\t<div class=\"elementor-post__excerpt\">\n\t\t\t<p>Ingredientes da Massa: Para servir: Modo de Preparo: Simples, deliciosa e perfeita para o caf\u00e9 da manh\u00e3 ou brunch. Uma receita r\u00e1pida com cara de<\/p>\n\t\t<\/div>\n\t\t\n\t\t<a class=\"elementor-post__read-more\" href=\"https:\/\/bridgecoffee.com.br\/es\/panqueca-americana-com-geleia-de-frutas-vermelhas\/\" aria-label=\"Read more about Panqueca Americana com Geleia de Frutas Vermelhas\" tabindex=\"-1\" >\n\t\t\tContinue lendo \u00bb\t\t<\/a>\n\n\t\t\t\t<\/div>\n\t\t\t\t<\/article>\n\t\t\t\t<\/div>\n\t\t\t\t\t<span class=\"e-load-more-spinner\">\n\t\t\t\t<svg aria-hidden=\"true\" class=\"e-font-icon-svg e-fas-spinner\" viewbox=\"0 0 512 512\" xmlns=\"http:\/\/www.w3.org\/2000\/svg\"><path d=\"M304 48c0 26.51-21.49 48-48 48s-48-21.49-48-48 21.49-48 48-48 48 21.49 48 48zm-48 368c-26.51 0-48 21.49-48 48s21.49 48 48 48 48-21.49 48-48-21.49-48-48-48zm208-208c-26.51 0-48 21.49-48 48s21.49 48 48 48 48-21.49 48-48-21.49-48-48-48zM96 256c0-26.51-21.49-48-48-48S0 229.49 0 256s21.49 48 48 48 48-21.49 48-48zm12.922 99.078c-26.51 0-48 21.49-48 48s21.49 48 48 48 48-21.49 48-48c0-26.509-21.491-48-48-48zm294.156 0c-26.51 0-48 21.49-48 48s21.49 48 48 48 48-21.49 48-48c0-26.509-21.49-48-48-48zM108.922 60.922c-26.51 0-48 21.49-48 48s21.49 48 48 48 48-21.49 48-48-21.491-48-48-48z\"><\/path><\/svg>\t\t\t<\/span>\n\t\t\n\t\t\t\t<div class=\"e-load-more-anchor\" data-page=\"1\" data-max-page=\"3\" data-next-page=\"https:\/\/bridgecoffee.com.br\/es\/wp-json\/wp\/v2\/pages\/5557\/page\/2\/\"><\/div>\n\t\t\t\t<div class=\"elementor-button-wrapper\">\n\t\t\t<a href=\"#\" class=\"elementor-button-link elementor-button\" role=\"button\">\n\t\t\t\t\t\t<span class=\"elementor-button-content-wrapper\">\n\t\t\t\t\t\t\t\t\t<span class=\"elementor-button-text\">Carregar mais<\/span>\n\t\t\t\t\t<\/span>\n\t\t\t\t\t<\/a>\n\t\t<\/div>\n\t\t\t\t<div class=\"e-load-more-message\"><\/div>\n\t\t\t\t\t\t<\/div>\n\t\t\t\t<\/div>\n\t\t\t\t\t<\/div>\n\t\t<\/div>\n\t\t\t\t\t<\/div>\n\t\t<\/section>\n\t\t\t\t<\/div>","protected":false},"excerpt":{"rendered":"<p>Receitas<\/p>","protected":false},"author":1,"featured_media":0,"parent":0,"menu_order":0,"comment_status":"closed","ping_status":"closed","template":"elementor_header_footer","meta":{"om_disable_all_campaigns":false,"_monsterinsights_skip_tracking":false,"_monsterinsights_sitenote_active":false,"_monsterinsights_sitenote_note":"","_monsterinsights_sitenote_category":0,"footnotes":""},"class_list":["post-5557","page","type-page","status-publish","hentry","entry","has-media"],"aioseo_notices":[],"_links":{"self":[{"href":"https:\/\/bridgecoffee.com.br\/es\/wp-json\/wp\/v2\/pages\/5557","targetHints":{"allow":["GET"]}}],"collection":[{"href":"https:\/\/bridgecoffee.com.br\/es\/wp-json\/wp\/v2\/pages"}],"about":[{"href":"https:\/\/bridgecoffee.com.br\/es\/wp-json\/wp\/v2\/types\/page"}],"author":[{"embeddable":true,"href":"https:\/\/bridgecoffee.com.br\/es\/wp-json\/wp\/v2\/users\/1"}],"replies":[{"embeddable":true,"href":"https:\/\/bridgecoffee.com.br\/es\/wp-json\/wp\/v2\/comments?post=5557"}],"version-history":[{"count":0,"href":"https:\/\/bridgecoffee.com.br\/es\/wp-json\/wp\/v2\/pages\/5557\/revisions"}],"wp:attachment":[{"href":"https:\/\/bridgecoffee.com.br\/es\/wp-json\/wp\/v2\/media?parent=5557"}],"curies":[{"name":"wp","href":"https:\/\/api.w.org\/{rel}","templated":true}]}}