{"id":1900,"date":"2022-08-12T15:08:12","date_gmt":"2022-08-12T18:08:12","guid":{"rendered":"https:\/\/bridgecoffee.com.br\/?page_id=1900"},"modified":"2024-08-27T11:50:21","modified_gmt":"2024-08-27T14:50:21","slug":"blog","status":"publish","type":"page","link":"https:\/\/bridgecoffee.com.br\/es\/blog\/","title":{"rendered":"Blog"},"content":{"rendered":"<div data-elementor-type=\"wp-page\" data-elementor-id=\"1900\" class=\"elementor elementor-1900\" data-elementor-post-type=\"page\">\n\t\t\t\t\t\t<section class=\"elementor-section elementor-top-section elementor-element elementor-element-d005466 elementor-section-boxed elementor-section-height-default elementor-section-height-default\" data-id=\"d005466\" data-element_type=\"section\" data-e-type=\"section\" data-settings=\"{&quot;background_background&quot;:&quot;classic&quot;}\">\n\t\t\t\t\t\t<div class=\"elementor-container elementor-column-gap-default\">\n\t\t\t\t\t<div class=\"elementor-column elementor-col-100 elementor-top-column elementor-element elementor-element-be4bc21\" data-id=\"be4bc21\" data-element_type=\"column\" data-e-type=\"column\">\n\t\t\t<div class=\"elementor-widget-wrap elementor-element-populated\">\n\t\t\t\t\t\t<div class=\"elementor-element elementor-element-1b60e2e elementor-view-default elementor-position-block-start elementor-mobile-position-block-start elementor-widget elementor-widget-icon-box\" data-id=\"1b60e2e\" data-element_type=\"widget\" data-e-type=\"widget\" data-widget_type=\"icon-box.default\">\n\t\t\t\t<div class=\"elementor-widget-container\">\n\t\t\t\t\t\t\t<div class=\"elementor-icon-box-wrapper\">\n\n\t\t\t\t\t\t<div class=\"elementor-icon-box-icon\">\n\t\t\t\t<span  class=\"elementor-icon\">\n\t\t\t\t<svg aria-hidden=\"true\" class=\"e-font-icon-svg e-fas-info-circle\" viewbox=\"0 0 512 512\" xmlns=\"http:\/\/www.w3.org\/2000\/svg\"><path d=\"M256 8C119.043 8 8 119.083 8 256c0 136.997 111.043 248 248 248s248-111.003 248-248C504 119.083 392.957 8 256 8zm0 110c23.196 0 42 18.804 42 42s-18.804 42-42 42-42-18.804-42-42 18.804-42 42-42zm56 254c0 6.627-5.373 12-12 12h-88c-6.627 0-12-5.373-12-12v-24c0-6.627 5.373-12 12-12h12v-64h-12c-6.627 0-12-5.373-12-12v-24c0-6.627 5.373-12 12-12h64c6.627 0 12 5.373 12 12v100h12c6.627 0 12 5.373 12 12v24z\"><\/path><\/svg>\t\t\t\t<\/span>\n\t\t\t<\/div>\n\t\t\t\n\t\t\t\t\t\t<div class=\"elementor-icon-box-content\">\n\n\t\t\t\t\t\t\t\t\t<h3 class=\"elementor-icon-box-title\">\n\t\t\t\t\t\t<span  >\n\t\t\t\t\t\t\tBlog\t\t\t\t\t\t<\/span>\n\t\t\t\t\t<\/h3>\n\t\t\t\t\n\t\t\t\t\n\t\t\t<\/div>\n\t\t\t\n\t\t<\/div>\n\t\t\t\t\t\t<\/div>\n\t\t\t\t<\/div>\n\t\t\t\t\t<\/div>\n\t\t<\/div>\n\t\t\t\t\t<\/div>\n\t\t<\/section>\n\t\t\t\t<section class=\"elementor-section elementor-top-section elementor-element elementor-element-09cfdc9 elementor-section-boxed elementor-section-height-default elementor-section-height-default\" data-id=\"09cfdc9\" data-element_type=\"section\" data-e-type=\"section\">\n\t\t\t\t\t\t<div class=\"elementor-container elementor-column-gap-default\">\n\t\t\t\t\t<div class=\"elementor-column elementor-col-100 elementor-top-column elementor-element elementor-element-29d5822\" data-id=\"29d5822\" data-element_type=\"column\" data-e-type=\"column\">\n\t\t\t<div class=\"elementor-widget-wrap elementor-element-populated\">\n\t\t\t\t\t\t<div class=\"elementor-element elementor-element-dc26866 elementor-grid-3 elementor-grid-tablet-2 elementor-grid-mobile-1 elementor-posts--thumbnail-top load-more-align-center elementor-widget elementor-widget-posts\" data-id=\"dc26866\" data-element_type=\"widget\" data-e-type=\"widget\" data-settings=\"{&quot;pagination_type&quot;:&quot;load_more_on_click&quot;,&quot;classic_masonry&quot;:&quot;yes&quot;,&quot;classic_columns&quot;:&quot;3&quot;,&quot;classic_columns_tablet&quot;:&quot;2&quot;,&quot;classic_columns_mobile&quot;:&quot;1&quot;,&quot;classic_row_gap&quot;:{&quot;unit&quot;:&quot;px&quot;,&quot;size&quot;:35,&quot;sizes&quot;:[]},&quot;classic_row_gap_tablet&quot;:{&quot;unit&quot;:&quot;px&quot;,&quot;size&quot;:&quot;&quot;,&quot;sizes&quot;:[]},&quot;classic_row_gap_mobile&quot;:{&quot;unit&quot;:&quot;px&quot;,&quot;size&quot;:&quot;&quot;,&quot;sizes&quot;:[]},&quot;load_more_spinner&quot;:{&quot;value&quot;:&quot;fas fa-spinner&quot;,&quot;library&quot;:&quot;fa-solid&quot;}}\" data-widget_type=\"posts.classic\">\n\t\t\t\t<div class=\"elementor-widget-container\">\n\t\t\t\t\t\t\t<div class=\"elementor-posts-container elementor-posts elementor-posts--skin-classic elementor-grid\" role=\"list\">\n\t\t\t\t<article class=\"elementor-post elementor-grid-item post-6353 post type-post status-publish format-standard has-post-thumbnail hentry category-blog entry has-media\" role=\"listitem\">\n\t\t\t\t<a class=\"elementor-post__thumbnail__link\" href=\"https:\/\/bridgecoffee.com.br\/es\/por-que-o-cafe-especial-esta-virando-tendencia-no-mundo\/\" tabindex=\"-1\" >\n\t\t\t<div class=\"elementor-post__thumbnail\"><img fetchpriority=\"high\" decoding=\"async\" width=\"1601\" height=\"501\" src=\"https:\/\/bridgecoffee.com.br\/wp-content\/uploads\/2025\/06\/Prancheta-5-1.png\" class=\"attachment-full size-full wp-image-6354\" alt=\"\" srcset=\"https:\/\/bridgecoffee.com.br\/wp-content\/uploads\/2025\/06\/Prancheta-5-1.png 1601w, https:\/\/bridgecoffee.com.br\/wp-content\/uploads\/2025\/06\/Prancheta-5-1-300x94.png 300w, https:\/\/bridgecoffee.com.br\/wp-content\/uploads\/2025\/06\/Prancheta-5-1-1024x320.png 1024w, https:\/\/bridgecoffee.com.br\/wp-content\/uploads\/2025\/06\/Prancheta-5-1-768x240.png 768w, https:\/\/bridgecoffee.com.br\/wp-content\/uploads\/2025\/06\/Prancheta-5-1-1536x481.png 1536w, https:\/\/bridgecoffee.com.br\/wp-content\/uploads\/2025\/06\/Prancheta-5-1-18x6.png 18w\" sizes=\"(max-width: 1601px) 100vw, 1601px\" \/><\/div>\n\t\t<\/a>\n\t\t\t\t<div class=\"elementor-post__text\">\n\t\t\t\t<h3 class=\"elementor-post__title\">\n\t\t\t<a href=\"https:\/\/bridgecoffee.com.br\/es\/por-que-o-cafe-especial-esta-virando-tendencia-no-mundo\/\" >\n\t\t\t\tPor Que o Caf\u00e9 Especial Est\u00e1 Virando Tend\u00eancia no Mundo?\t\t\t<\/a>\n\t\t<\/h3>\n\t\t\t\t<div class=\"elementor-post__meta-data\">\n\t\t\t\t\t<span class=\"elementor-post-date\">\n\t\t\t05\/06\/2025\t\t<\/span>\n\t\t\t\t<\/div>\n\t\t\t\t<div class=\"elementor-post__excerpt\">\n\t\t\t<p>N\u00e3o \u00e9 impress\u00e3o sua: cada vez mais pessoas est\u00e3o deixando o caf\u00e9 tradicional de lado e descobrindo o universo dos caf\u00e9s especiais. E isso n\u00e3o<\/p>\n\t\t<\/div>\n\t\t\n\t\t<a class=\"elementor-post__read-more\" href=\"https:\/\/bridgecoffee.com.br\/es\/por-que-o-cafe-especial-esta-virando-tendencia-no-mundo\/\" aria-label=\"Read more about Por Que o Caf\u00e9 Especial Est\u00e1 Virando Tend\u00eancia no Mundo?\" tabindex=\"-1\" >\n\t\t\tContinue lendo \u00bb\t\t<\/a>\n\n\t\t\t\t<\/div>\n\t\t\t\t<\/article>\n\t\t\t\t<article class=\"elementor-post elementor-grid-item post-6349 post type-post status-publish format-standard has-post-thumbnail hentry category-blog entry has-media\" role=\"listitem\">\n\t\t\t\t<a class=\"elementor-post__thumbnail__link\" href=\"https:\/\/bridgecoffee.com.br\/es\/cafe-e-criatividade-existe-uma-relacao\/\" tabindex=\"-1\" >\n\t\t\t<div class=\"elementor-post__thumbnail\"><img decoding=\"async\" width=\"1601\" height=\"501\" src=\"https:\/\/bridgecoffee.com.br\/wp-content\/uploads\/2025\/06\/Prancheta-5.png\" class=\"attachment-full size-full wp-image-6350\" alt=\"\" srcset=\"https:\/\/bridgecoffee.com.br\/wp-content\/uploads\/2025\/06\/Prancheta-5.png 1601w, https:\/\/bridgecoffee.com.br\/wp-content\/uploads\/2025\/06\/Prancheta-5-300x94.png 300w, https:\/\/bridgecoffee.com.br\/wp-content\/uploads\/2025\/06\/Prancheta-5-1024x320.png 1024w, https:\/\/bridgecoffee.com.br\/wp-content\/uploads\/2025\/06\/Prancheta-5-768x240.png 768w, https:\/\/bridgecoffee.com.br\/wp-content\/uploads\/2025\/06\/Prancheta-5-1536x481.png 1536w, https:\/\/bridgecoffee.com.br\/wp-content\/uploads\/2025\/06\/Prancheta-5-18x6.png 18w\" sizes=\"(max-width: 1601px) 100vw, 1601px\" \/><\/div>\n\t\t<\/a>\n\t\t\t\t<div class=\"elementor-post__text\">\n\t\t\t\t<h3 class=\"elementor-post__title\">\n\t\t\t<a href=\"https:\/\/bridgecoffee.com.br\/es\/cafe-e-criatividade-existe-uma-relacao\/\" >\n\t\t\t\tCaf\u00e9 e Criatividade: Existe Uma Rela\u00e7\u00e3o?\t\t\t<\/a>\n\t\t<\/h3>\n\t\t\t\t<div class=\"elementor-post__meta-data\">\n\t\t\t\t\t<span class=\"elementor-post-date\">\n\t\t\t03\/06\/2025\t\t<\/span>\n\t\t\t\t<\/div>\n\t\t\t\t<div class=\"elementor-post__excerpt\">\n\t\t\t<p>Quem nunca sentou com uma x\u00edcara de caf\u00e9 para tentar desbloquear uma ideia, come\u00e7ar um projeto ou simplesmente encontrar foco? O caf\u00e9 \u00e9, h\u00e1 muito<\/p>\n\t\t<\/div>\n\t\t\n\t\t<a class=\"elementor-post__read-more\" href=\"https:\/\/bridgecoffee.com.br\/es\/cafe-e-criatividade-existe-uma-relacao\/\" aria-label=\"Read more about Caf\u00e9 e Criatividade: Existe Uma Rela\u00e7\u00e3o?\" tabindex=\"-1\" >\n\t\t\tContinue lendo \u00bb\t\t<\/a>\n\n\t\t\t\t<\/div>\n\t\t\t\t<\/article>\n\t\t\t\t<article class=\"elementor-post elementor-grid-item post-6331 post type-post status-publish format-standard has-post-thumbnail hentry category-blog entry has-media\" role=\"listitem\">\n\t\t\t\t<a class=\"elementor-post__thumbnail__link\" href=\"https:\/\/bridgecoffee.com.br\/es\/o-que-o-cafe-que-voce-escolhe-diz-sobre-voce\/\" tabindex=\"-1\" >\n\t\t\t<div class=\"elementor-post__thumbnail\"><img decoding=\"async\" width=\"1600\" height=\"500\" src=\"https:\/\/bridgecoffee.com.br\/wp-content\/uploads\/2025\/05\/O-Que-o-Cafe-que-Voce-Escolhe-Diz-Sobre-Voce.png\" class=\"attachment-full size-full wp-image-6332\" alt=\"\" srcset=\"https:\/\/bridgecoffee.com.br\/wp-content\/uploads\/2025\/05\/O-Que-o-Cafe-que-Voce-Escolhe-Diz-Sobre-Voce.png 1600w, https:\/\/bridgecoffee.com.br\/wp-content\/uploads\/2025\/05\/O-Que-o-Cafe-que-Voce-Escolhe-Diz-Sobre-Voce-300x94.png 300w, https:\/\/bridgecoffee.com.br\/wp-content\/uploads\/2025\/05\/O-Que-o-Cafe-que-Voce-Escolhe-Diz-Sobre-Voce-1024x320.png 1024w, https:\/\/bridgecoffee.com.br\/wp-content\/uploads\/2025\/05\/O-Que-o-Cafe-que-Voce-Escolhe-Diz-Sobre-Voce-768x240.png 768w, https:\/\/bridgecoffee.com.br\/wp-content\/uploads\/2025\/05\/O-Que-o-Cafe-que-Voce-Escolhe-Diz-Sobre-Voce-1536x480.png 1536w, https:\/\/bridgecoffee.com.br\/wp-content\/uploads\/2025\/05\/O-Que-o-Cafe-que-Voce-Escolhe-Diz-Sobre-Voce-18x6.png 18w\" sizes=\"(max-width: 1600px) 100vw, 1600px\" \/><\/div>\n\t\t<\/a>\n\t\t\t\t<div class=\"elementor-post__text\">\n\t\t\t\t<h3 class=\"elementor-post__title\">\n\t\t\t<a href=\"https:\/\/bridgecoffee.com.br\/es\/o-que-o-cafe-que-voce-escolhe-diz-sobre-voce\/\" >\n\t\t\t\tO Que o Caf\u00e9 que Voc\u00ea Escolhe Diz Sobre Voc\u00ea?\t\t\t<\/a>\n\t\t<\/h3>\n\t\t\t\t<div class=\"elementor-post__meta-data\">\n\t\t\t\t\t<span class=\"elementor-post-date\">\n\t\t\t22\/05\/2025\t\t<\/span>\n\t\t\t\t<\/div>\n\t\t\t\t<div class=\"elementor-post__excerpt\">\n\t\t\t<p>Voc\u00ea j\u00e1 parou para pensar que o caf\u00e9 que voc\u00ea consome pode dizer muito sobre quem voc\u00ea \u00e9?N\u00e3o estamos falando de r\u00f3tulos, e sim de<\/p>\n\t\t<\/div>\n\t\t\n\t\t<a class=\"elementor-post__read-more\" href=\"https:\/\/bridgecoffee.com.br\/es\/o-que-o-cafe-que-voce-escolhe-diz-sobre-voce\/\" aria-label=\"Read more about O Que o Caf\u00e9 que Voc\u00ea Escolhe Diz Sobre Voc\u00ea?\" tabindex=\"-1\" >\n\t\t\tContinue lendo \u00bb\t\t<\/a>\n\n\t\t\t\t<\/div>\n\t\t\t\t<\/article>\n\t\t\t\t<article class=\"elementor-post elementor-grid-item post-6328 post type-post status-publish format-standard has-post-thumbnail hentry category-blog entry has-media\" role=\"listitem\">\n\t\t\t\t<a class=\"elementor-post__thumbnail__link\" href=\"https:\/\/bridgecoffee.com.br\/es\/cafe-e-conexoes-por-que-o-cafe-aproxima-as-pessoas\/\" tabindex=\"-1\" >\n\t\t\t<div class=\"elementor-post__thumbnail\"><img loading=\"lazy\" decoding=\"async\" width=\"1600\" height=\"500\" src=\"https:\/\/bridgecoffee.com.br\/wp-content\/uploads\/2025\/05\/Cafe-e-Conexoes.png\" class=\"attachment-full size-full wp-image-6329\" alt=\"\" srcset=\"https:\/\/bridgecoffee.com.br\/wp-content\/uploads\/2025\/05\/Cafe-e-Conexoes.png 1600w, https:\/\/bridgecoffee.com.br\/wp-content\/uploads\/2025\/05\/Cafe-e-Conexoes-300x94.png 300w, https:\/\/bridgecoffee.com.br\/wp-content\/uploads\/2025\/05\/Cafe-e-Conexoes-1024x320.png 1024w, https:\/\/bridgecoffee.com.br\/wp-content\/uploads\/2025\/05\/Cafe-e-Conexoes-768x240.png 768w, https:\/\/bridgecoffee.com.br\/wp-content\/uploads\/2025\/05\/Cafe-e-Conexoes-1536x480.png 1536w, https:\/\/bridgecoffee.com.br\/wp-content\/uploads\/2025\/05\/Cafe-e-Conexoes-18x6.png 18w\" sizes=\"(max-width: 1600px) 100vw, 1600px\" \/><\/div>\n\t\t<\/a>\n\t\t\t\t<div class=\"elementor-post__text\">\n\t\t\t\t<h3 class=\"elementor-post__title\">\n\t\t\t<a href=\"https:\/\/bridgecoffee.com.br\/es\/cafe-e-conexoes-por-que-o-cafe-aproxima-as-pessoas\/\" >\n\t\t\t\tCaf\u00e9 e Conex\u00f5es: Por que o Caf\u00e9 Aproxima as Pessoas?\t\t\t<\/a>\n\t\t<\/h3>\n\t\t\t\t<div class=\"elementor-post__meta-data\">\n\t\t\t\t\t<span class=\"elementor-post-date\">\n\t\t\t20\/05\/2025\t\t<\/span>\n\t\t\t\t<\/div>\n\t\t\t\t<div class=\"elementor-post__excerpt\">\n\t\t\t<p>Voc\u00ea j\u00e1 reparou que muitos dos momentos mais importantes da vida acontecem ao redor de uma x\u00edcara de caf\u00e9? N\u00e3o \u00e9 coincid\u00eancia. O caf\u00e9 tem<\/p>\n\t\t<\/div>\n\t\t\n\t\t<a class=\"elementor-post__read-more\" href=\"https:\/\/bridgecoffee.com.br\/es\/cafe-e-conexoes-por-que-o-cafe-aproxima-as-pessoas\/\" aria-label=\"Read more about Caf\u00e9 e Conex\u00f5es: Por que o Caf\u00e9 Aproxima as Pessoas?\" tabindex=\"-1\" >\n\t\t\tContinue lendo \u00bb\t\t<\/a>\n\n\t\t\t\t<\/div>\n\t\t\t\t<\/article>\n\t\t\t\t<article class=\"elementor-post elementor-grid-item post-6313 post type-post status-publish format-standard has-post-thumbnail hentry category-blog entry has-media\" role=\"listitem\">\n\t\t\t\t<a class=\"elementor-post__thumbnail__link\" href=\"https:\/\/bridgecoffee.com.br\/es\/o-impacto-do-cafe-na-produtividade-mito-ou-realidade\/\" tabindex=\"-1\" >\n\t\t\t<div class=\"elementor-post__thumbnail\"><img loading=\"lazy\" decoding=\"async\" width=\"1600\" height=\"500\" src=\"https:\/\/bridgecoffee.com.br\/wp-content\/uploads\/2025\/05\/produtividade.png\" class=\"attachment-full size-full wp-image-6314\" alt=\"\" srcset=\"https:\/\/bridgecoffee.com.br\/wp-content\/uploads\/2025\/05\/produtividade.png 1600w, https:\/\/bridgecoffee.com.br\/wp-content\/uploads\/2025\/05\/produtividade-300x94.png 300w, https:\/\/bridgecoffee.com.br\/wp-content\/uploads\/2025\/05\/produtividade-1024x320.png 1024w, https:\/\/bridgecoffee.com.br\/wp-content\/uploads\/2025\/05\/produtividade-768x240.png 768w, https:\/\/bridgecoffee.com.br\/wp-content\/uploads\/2025\/05\/produtividade-1536x480.png 1536w, https:\/\/bridgecoffee.com.br\/wp-content\/uploads\/2025\/05\/produtividade-18x6.png 18w\" sizes=\"(max-width: 1600px) 100vw, 1600px\" \/><\/div>\n\t\t<\/a>\n\t\t\t\t<div class=\"elementor-post__text\">\n\t\t\t\t<h3 class=\"elementor-post__title\">\n\t\t\t<a href=\"https:\/\/bridgecoffee.com.br\/es\/o-impacto-do-cafe-na-produtividade-mito-ou-realidade\/\" >\n\t\t\t\tO Impacto do Caf\u00e9 na Produtividade: Mito ou Realidade?\t\t\t<\/a>\n\t\t<\/h3>\n\t\t\t\t<div class=\"elementor-post__meta-data\">\n\t\t\t\t\t<span class=\"elementor-post-date\">\n\t\t\t08\/05\/2025\t\t<\/span>\n\t\t\t\t<\/div>\n\t\t\t\t<div class=\"elementor-post__excerpt\">\n\t\t\t<p>Caf\u00e9 e produtividade caminham lado a lado em escrit\u00f3rios, home offices e madrugadas de estudo pelo mundo todo. Mas ser\u00e1 que tomar caf\u00e9 realmente melhora<\/p>\n\t\t<\/div>\n\t\t\n\t\t<a class=\"elementor-post__read-more\" href=\"https:\/\/bridgecoffee.com.br\/es\/o-impacto-do-cafe-na-produtividade-mito-ou-realidade\/\" aria-label=\"Read more about O Impacto do Caf\u00e9 na Produtividade: Mito ou Realidade?\" tabindex=\"-1\" >\n\t\t\tContinue lendo \u00bb\t\t<\/a>\n\n\t\t\t\t<\/div>\n\t\t\t\t<\/article>\n\t\t\t\t<article class=\"elementor-post elementor-grid-item post-6310 post type-post status-publish format-standard has-post-thumbnail hentry category-blog entry has-media\" role=\"listitem\">\n\t\t\t\t<a class=\"elementor-post__thumbnail__link\" href=\"https:\/\/bridgecoffee.com.br\/es\/o-ritual-do-cafe-por-que-o-momento-de-passar-cafe-e-quase-meditativo\/\" tabindex=\"-1\" >\n\t\t\t<div class=\"elementor-post__thumbnail\"><img loading=\"lazy\" decoding=\"async\" width=\"1600\" height=\"500\" src=\"https:\/\/bridgecoffee.com.br\/wp-content\/uploads\/2025\/05\/O-Ritual-do-Cafe.png\" class=\"attachment-full size-full wp-image-6311\" alt=\"\" srcset=\"https:\/\/bridgecoffee.com.br\/wp-content\/uploads\/2025\/05\/O-Ritual-do-Cafe.png 1600w, https:\/\/bridgecoffee.com.br\/wp-content\/uploads\/2025\/05\/O-Ritual-do-Cafe-300x94.png 300w, https:\/\/bridgecoffee.com.br\/wp-content\/uploads\/2025\/05\/O-Ritual-do-Cafe-1024x320.png 1024w, https:\/\/bridgecoffee.com.br\/wp-content\/uploads\/2025\/05\/O-Ritual-do-Cafe-768x240.png 768w, https:\/\/bridgecoffee.com.br\/wp-content\/uploads\/2025\/05\/O-Ritual-do-Cafe-1536x480.png 1536w, https:\/\/bridgecoffee.com.br\/wp-content\/uploads\/2025\/05\/O-Ritual-do-Cafe-18x6.png 18w\" sizes=\"(max-width: 1600px) 100vw, 1600px\" \/><\/div>\n\t\t<\/a>\n\t\t\t\t<div class=\"elementor-post__text\">\n\t\t\t\t<h3 class=\"elementor-post__title\">\n\t\t\t<a href=\"https:\/\/bridgecoffee.com.br\/es\/o-ritual-do-cafe-por-que-o-momento-de-passar-cafe-e-quase-meditativo\/\" >\n\t\t\t\tO Ritual do Caf\u00e9: Por que o Momento de Passar Caf\u00e9 \u00e9 Quase Meditativo?\t\t\t<\/a>\n\t\t<\/h3>\n\t\t\t\t<div class=\"elementor-post__meta-data\">\n\t\t\t\t\t<span class=\"elementor-post-date\">\n\t\t\t06\/05\/2025\t\t<\/span>\n\t\t\t\t<\/div>\n\t\t\t\t<div class=\"elementor-post__excerpt\">\n\t\t\t<p>Passar um caf\u00e9 pode parecer uma tarefa simples, mas quem j\u00e1 fez com aten\u00e7\u00e3o sabe: h\u00e1 algo de especial nesse ritual. O cheiro que se<\/p>\n\t\t<\/div>\n\t\t\n\t\t<a class=\"elementor-post__read-more\" href=\"https:\/\/bridgecoffee.com.br\/es\/o-ritual-do-cafe-por-que-o-momento-de-passar-cafe-e-quase-meditativo\/\" aria-label=\"Read more about O Ritual do Caf\u00e9: Por que o Momento de Passar Caf\u00e9 \u00e9 Quase Meditativo?\" tabindex=\"-1\" >\n\t\t\tContinue lendo \u00bb\t\t<\/a>\n\n\t\t\t\t<\/div>\n\t\t\t\t<\/article>\n\t\t\t\t<\/div>\n\t\t\t\t\t<span class=\"e-load-more-spinner\">\n\t\t\t\t<svg aria-hidden=\"true\" class=\"e-font-icon-svg e-fas-spinner\" viewbox=\"0 0 512 512\" xmlns=\"http:\/\/www.w3.org\/2000\/svg\"><path d=\"M304 48c0 26.51-21.49 48-48 48s-48-21.49-48-48 21.49-48 48-48 48 21.49 48 48zm-48 368c-26.51 0-48 21.49-48 48s21.49 48 48 48 48-21.49 48-48-21.49-48-48-48zm208-208c-26.51 0-48 21.49-48 48s21.49 48 48 48 48-21.49 48-48-21.49-48-48-48zM96 256c0-26.51-21.49-48-48-48S0 229.49 0 256s21.49 48 48 48 48-21.49 48-48zm12.922 99.078c-26.51 0-48 21.49-48 48s21.49 48 48 48 48-21.49 48-48c0-26.509-21.491-48-48-48zm294.156 0c-26.51 0-48 21.49-48 48s21.49 48 48 48 48-21.49 48-48c0-26.509-21.49-48-48-48zM108.922 60.922c-26.51 0-48 21.49-48 48s21.49 48 48 48 48-21.49 48-48-21.491-48-48-48z\"><\/path><\/svg>\t\t\t<\/span>\n\t\t\n\t\t\t\t<div class=\"e-load-more-anchor\" data-page=\"1\" data-max-page=\"6\" data-next-page=\"https:\/\/bridgecoffee.com.br\/es\/wp-json\/wp\/v2\/pages\/1900\/page\/2\/\"><\/div>\n\t\t\t\t<div class=\"elementor-button-wrapper\">\n\t\t\t<a href=\"#\" class=\"elementor-button-link elementor-button\" role=\"button\">\n\t\t\t\t\t\t<span class=\"elementor-button-content-wrapper\">\n\t\t\t\t\t\t\t\t\t<span class=\"elementor-button-text\">Carregar mais<\/span>\n\t\t\t\t\t<\/span>\n\t\t\t\t\t<\/a>\n\t\t<\/div>\n\t\t\t\t<div class=\"e-load-more-message\"><\/div>\n\t\t\t\t\t\t<\/div>\n\t\t\t\t<\/div>\n\t\t\t\t\t<\/div>\n\t\t<\/div>\n\t\t\t\t\t<\/div>\n\t\t<\/section>\n\t\t\t\t<\/div>","protected":false},"excerpt":{"rendered":"<p>Blog<\/p>","protected":false},"author":2,"featured_media":0,"parent":0,"menu_order":0,"comment_status":"closed","ping_status":"closed","template":"elementor_header_footer","meta":{"om_disable_all_campaigns":false,"_monsterinsights_skip_tracking":false,"_monsterinsights_sitenote_active":false,"_monsterinsights_sitenote_note":"","_monsterinsights_sitenote_category":0,"footnotes":""},"class_list":["post-1900","page","type-page","status-publish","hentry","entry","has-media"],"aioseo_notices":[],"_links":{"self":[{"href":"https:\/\/bridgecoffee.com.br\/es\/wp-json\/wp\/v2\/pages\/1900","targetHints":{"allow":["GET"]}}],"collection":[{"href":"https:\/\/bridgecoffee.com.br\/es\/wp-json\/wp\/v2\/pages"}],"about":[{"href":"https:\/\/bridgecoffee.com.br\/es\/wp-json\/wp\/v2\/types\/page"}],"author":[{"embeddable":true,"href":"https:\/\/bridgecoffee.com.br\/es\/wp-json\/wp\/v2\/users\/2"}],"replies":[{"embeddable":true,"href":"https:\/\/bridgecoffee.com.br\/es\/wp-json\/wp\/v2\/comments?post=1900"}],"version-history":[{"count":0,"href":"https:\/\/bridgecoffee.com.br\/es\/wp-json\/wp\/v2\/pages\/1900\/revisions"}],"wp:attachment":[{"href":"https:\/\/bridgecoffee.com.br\/es\/wp-json\/wp\/v2\/media?parent=1900"}],"curies":[{"name":"wp","href":"https:\/\/api.w.org\/{rel}","templated":true}]}}