{"id":1803,"date":"2022-08-11T00:23:48","date_gmt":"2022-08-11T03:23:48","guid":{"rendered":"https:\/\/bridgecoffee.com.br\/?page_id=1803"},"modified":"2024-11-05T16:51:43","modified_gmt":"2024-11-05T19:51:43","slug":"quem-somos","status":"publish","type":"page","link":"https:\/\/bridgecoffee.com.br\/en\/quem-somos\/","title":{"rendered":"Quem Somos"},"content":{"rendered":"<div data-elementor-type=\"wp-page\" data-elementor-id=\"1803\" class=\"elementor elementor-1803\" data-elementor-post-type=\"page\">\n\t\t\t\t<div class=\"elementor-element elementor-element-d8077f1 e-flex e-con-boxed e-con e-parent\" data-id=\"d8077f1\" data-element_type=\"container\" data-e-type=\"container\">\n\t\t\t\t\t<div class=\"e-con-inner\">\n\t\t\t\t<div class=\"elementor-element elementor-element-ea16c68 elementor-widget elementor-widget-timeline-widget-addon\" data-id=\"ea16c68\" data-element_type=\"widget\" data-e-type=\"widget\" data-widget_type=\"timeline-widget-addon.default\">\n\t\t\t\t<div class=\"elementor-widget-container\">\n\t\t\t\t\t<!-- ========= Timeline Widget Addon For Elementor 1.6.8 ========= -->\n<div id=\"twae-wrapper-ea16c68\" class=\"twae-vertical twae-wrapper  twae-both-sided\">   \n    <div class=\"twae-start\"><\/div>    \n    <div id=\"twea-timeline-ea16c68\" class=\"twae-timeline\" ><!-- Start of Story Repeater Content --><div id=\"story-baa6cb1\" class=\"twae-story twae-repeater-item twae-story-right twae-story-no-icon\"><!-- Story Label --><div class=\"twae-labels\"><div class=\"twae-label-big\">2019<\/div><div class=\"twae-label-small\">Idealiza\u00e7\u00e3o<\/div><\/div><!-- Story Icon --><div class=\"twae-icon\"><i aria-hidden=\"true\" class=\"far fa-clock\"><\/i><\/div><!-- Story Arrow --><div class=\"twae-arrow\"><\/div><!-- Start of Story Content --><div class=\"twae-content\"><!-- Story Title --><div class=\"twae-title\">Um prop\u00f3sito<\/div><!-- Story Image --><div class=\"twae-media large\"><img fetchpriority=\"high\" decoding=\"async\" width=\"1024\" height=\"416\" src=\"https:\/\/bridgecoffee.com.br\/wp-content\/uploads\/2024\/11\/Rabiscos-1024x416.png\" class=\"attachment-large size-large\" alt=\"\" srcset=\"https:\/\/bridgecoffee.com.br\/wp-content\/uploads\/2024\/11\/Rabiscos-1024x416.png 1024w, https:\/\/bridgecoffee.com.br\/wp-content\/uploads\/2024\/11\/Rabiscos-300x122.png 300w, https:\/\/bridgecoffee.com.br\/wp-content\/uploads\/2024\/11\/Rabiscos-768x312.png 768w, https:\/\/bridgecoffee.com.br\/wp-content\/uploads\/2024\/11\/Rabiscos-18x7.png 18w, https:\/\/bridgecoffee.com.br\/wp-content\/uploads\/2024\/11\/Rabiscos.png 1081w\" sizes=\"(max-width: 1024px) 100vw, 1024px\" \/><\/div><!-- Story Description --><div class=\"twae-description\"><p>Com prop\u00f3sito de introduzir o caf\u00e9 especial para quem ainda n\u00e3o conhece, vem a ideia de ser a ponte entre o campo e a cidade, nascendo assim a Bridge Coffee. (Bridge \u00e9 ponte em ingl\u00eas)<\/p><\/div><\/div><\/div><!-- Start of Story Repeater Content --><div id=\"story-7911985\" class=\"twae-story twae-repeater-item twae-story-left twae-story-no-icon\"><!-- Story Label --><div class=\"twae-labels\"><div class=\"twae-label-big\">Maio de 2022<\/div><div class=\"twae-label-small\">Em pr\u00e1tica<\/div><\/div><!-- Story Icon --><div class=\"twae-icon\"><i aria-hidden=\"true\" class=\"far fa-clock\"><\/i><\/div><!-- Story Arrow --><div class=\"twae-arrow\"><\/div><!-- Start of Story Content --><div class=\"twae-content\"><!-- Story Title --><div class=\"twae-title\">M\u00e3os na massa<\/div><!-- Story Image --><div class=\"twae-media large\"><img decoding=\"async\" width=\"1024\" height=\"430\" src=\"https:\/\/bridgecoffee.com.br\/wp-content\/uploads\/2024\/11\/Captura-de-tela-2024-11-05-163147-1024x430.png\" class=\"attachment-large size-large\" alt=\"\" srcset=\"https:\/\/bridgecoffee.com.br\/wp-content\/uploads\/2024\/11\/Captura-de-tela-2024-11-05-163147-1024x430.png 1024w, https:\/\/bridgecoffee.com.br\/wp-content\/uploads\/2024\/11\/Captura-de-tela-2024-11-05-163147-300x126.png 300w, https:\/\/bridgecoffee.com.br\/wp-content\/uploads\/2024\/11\/Captura-de-tela-2024-11-05-163147-768x322.png 768w, https:\/\/bridgecoffee.com.br\/wp-content\/uploads\/2024\/11\/Captura-de-tela-2024-11-05-163147-1536x645.png 1536w, https:\/\/bridgecoffee.com.br\/wp-content\/uploads\/2024\/11\/Captura-de-tela-2024-11-05-163147-18x8.png 18w, https:\/\/bridgecoffee.com.br\/wp-content\/uploads\/2024\/11\/Captura-de-tela-2024-11-05-163147.png 1582w\" sizes=\"(max-width: 1024px) 100vw, 1024px\" \/><\/div><!-- Story Description --><div class=\"twae-description\"><p>Concretiza\u00e7\u00e3o da identidade visual e abertura do site e redes sociais da marca, dando as caras para o mundo e mostrando para o que veio!<\/p><\/div><\/div><\/div><!-- Start of Story Repeater Content --><div id=\"story-f80d367\" class=\"twae-story twae-repeater-item twae-story-right twae-story-no-icon\"><!-- Story Label --><div class=\"twae-labels\"><div class=\"twae-label-big\">Outubro de 2022<\/div><div class=\"twae-label-small\">Finalmente no mundo<\/div><\/div><!-- Story Icon --><div class=\"twae-icon\"><i aria-hidden=\"true\" class=\"far fa-clock\"><\/i><\/div><!-- Story Arrow --><div class=\"twae-arrow\"><\/div><!-- Start of Story Content --><div class=\"twae-content\"><!-- Story Title --><div class=\"twae-title\">Inaugura\u00e7\u00e3o<\/div><!-- Story Image --><div class=\"twae-media large\"><img decoding=\"async\" width=\"1024\" height=\"1024\" src=\"https:\/\/bridgecoffee.com.br\/wp-content\/uploads\/2024\/11\/Prancheta-2-1024x1024.png\" class=\"attachment-large size-large\" alt=\"\" srcset=\"https:\/\/bridgecoffee.com.br\/wp-content\/uploads\/2024\/11\/Prancheta-2-1024x1024.png 1024w, https:\/\/bridgecoffee.com.br\/wp-content\/uploads\/2024\/11\/Prancheta-2-300x300.png 300w, https:\/\/bridgecoffee.com.br\/wp-content\/uploads\/2024\/11\/Prancheta-2-150x150.png 150w, https:\/\/bridgecoffee.com.br\/wp-content\/uploads\/2024\/11\/Prancheta-2-768x768.png 768w, https:\/\/bridgecoffee.com.br\/wp-content\/uploads\/2024\/11\/Prancheta-2-12x12.png 12w, https:\/\/bridgecoffee.com.br\/wp-content\/uploads\/2024\/11\/Prancheta-2-600x600.png 600w, https:\/\/bridgecoffee.com.br\/wp-content\/uploads\/2024\/11\/Prancheta-2.png 1081w\" sizes=\"(max-width: 1024px) 100vw, 1024px\" \/><\/div><!-- Story Description --><div class=\"twae-description\"><p>Fizemos a inaugura\u00e7\u00e3o oficial da marca no dia <strong>29 de outubro de 2022, <\/strong>no evento Drop Floripa.<\/p><\/div><\/div><\/div><!-- Start of Story Repeater Content --><div id=\"story-cf283ee\" class=\"twae-story twae-repeater-item twae-story-left twae-story-no-icon\"><!-- Story Label --><div class=\"twae-labels\"><div class=\"twae-label-big\">2023<\/div><div class=\"twae-label-small\">Introdu\u00e7\u00f5es<\/div><\/div><!-- Story Icon --><div class=\"twae-icon\"><i aria-hidden=\"true\" class=\"far fa-clock\"><\/i><\/div><!-- Story Arrow --><div class=\"twae-arrow\"><\/div><!-- Start of Story Content --><div class=\"twae-content\"><!-- Story Title --><div class=\"twae-title\">Em supermercados<\/div><!-- Story Description --><div class=\"twae-description\"><p>Come\u00e7amos a introdu\u00e7\u00e3o dos nossos produtos nos mercados.<\/p><\/div><\/div><\/div><!-- Start of Story Repeater Content --><div id=\"story-5024dae\" class=\"twae-story twae-repeater-item twae-story-right twae-story-no-icon\"><!-- Story Label --><div class=\"twae-labels\"><div class=\"twae-label-big\">2024<\/div><div class=\"twae-label-small\">Um branding<\/div><\/div><!-- Story Icon --><div class=\"twae-icon\"><i aria-hidden=\"true\" class=\"far fa-clock\"><\/i><\/div><!-- Story Arrow --><div class=\"twae-arrow\"><\/div><!-- Start of Story Content --><div class=\"twae-content\"><!-- Story Title --><div class=\"twae-title\">Permita-se o novo!<\/div><!-- Story Description --><div class=\"twae-description\"><p>Encontramos nosso espa\u00e7o e prop\u00f3sito da marca, com a frase Permita-se o novo, viemos com vontade de trazer ao p\u00fablico, que o caf\u00e9 de sempre n\u00e3o \u00e9 o melhor, e que se deve permitir novas experi\u00eancias e entender o que \u00e9 o caf\u00e9 especial!<\/p><\/div><\/div><\/div><!-- Start of Story Repeater Content --><div id=\"story-d8cb46a\" class=\"twae-story twae-repeater-item twae-story-left twae-story-no-icon\"><!-- Story Label --><div class=\"twae-labels\"><div class=\"twae-label-big\">2025<\/div><\/div><!-- Story Icon --><div class=\"twae-icon\"><i aria-hidden=\"true\" class=\"far fa-clock\"><\/i><\/div><!-- Story Arrow --><div class=\"twae-arrow\"><\/div><!-- Start of Story Content --><div class=\"twae-content\"><!-- Story Description --><div class=\"twae-description\"><p>...<\/p><\/div><\/div><\/div><\/div>\n    <div class=\"twae-end\"><\/div>\n    <\/div><style type=\"text\/css\">@media (max-width: 1024px){ .twae-wrapper{--tw-ybx-size: 80px !important;}}@media (max-width: 767px){ .twae-wrapper{--tw-ybx-size: 80px !important}}<\/style>\t\t\t\t<\/div>\n\t\t\t\t<\/div>\n\t\t\t\t\t<\/div>\n\t\t\t\t<\/div>\n\t\t<div class=\"elementor-element elementor-element-4fbded7 e-flex e-con-boxed e-con e-parent\" data-id=\"4fbded7\" data-element_type=\"container\" data-e-type=\"container\">\n\t\t\t\t\t<div class=\"e-con-inner\">\n\t\t\t\t<div class=\"elementor-element elementor-element-e3bcc36 elementor-widget elementor-widget-heading\" data-id=\"e3bcc36\" data-element_type=\"widget\" data-e-type=\"widget\" data-widget_type=\"heading.default\">\n\t\t\t\t<div class=\"elementor-widget-container\">\n\t\t\t\t\t<h2 class=\"elementor-heading-title elementor-size-default\">Nossas empresas<\/h2>\t\t\t\t<\/div>\n\t\t\t\t<\/div>\n\t\t<div class=\"elementor-element elementor-element-44037c0 e-grid e-con-full e-con e-child\" data-id=\"44037c0\" data-element_type=\"container\" data-e-type=\"container\">\n\t\t\t\t<div class=\"elementor-element elementor-element-67f4458 elementor-widget elementor-widget-image\" data-id=\"67f4458\" data-element_type=\"widget\" data-e-type=\"widget\" data-widget_type=\"image.default\">\n\t\t\t\t<div class=\"elementor-widget-container\">\n\t\t\t\t\t\t\t\t\t\t\t\t\t\t\t<img loading=\"lazy\" decoding=\"async\" width=\"1024\" height=\"1024\" src=\"https:\/\/bridgecoffee.com.br\/wp-content\/uploads\/2024\/04\/logo-png-5000x5000-1-1024x1024.png\" class=\"attachment-large size-large wp-image-5641\" alt=\"\" srcset=\"https:\/\/bridgecoffee.com.br\/wp-content\/uploads\/2024\/04\/logo-png-5000x5000-1-1024x1024.png 1024w, https:\/\/bridgecoffee.com.br\/wp-content\/uploads\/2024\/04\/logo-png-5000x5000-1-300x300.png 300w, https:\/\/bridgecoffee.com.br\/wp-content\/uploads\/2024\/04\/logo-png-5000x5000-1-150x150.png 150w, https:\/\/bridgecoffee.com.br\/wp-content\/uploads\/2024\/04\/logo-png-5000x5000-1-768x768.png 768w, https:\/\/bridgecoffee.com.br\/wp-content\/uploads\/2024\/04\/logo-png-5000x5000-1-1536x1536.png 1536w, https:\/\/bridgecoffee.com.br\/wp-content\/uploads\/2024\/04\/logo-png-5000x5000-1-2048x2048.png 2048w, https:\/\/bridgecoffee.com.br\/wp-content\/uploads\/2024\/04\/logo-png-5000x5000-1-600x600.png 600w\" sizes=\"(max-width: 1024px) 100vw, 1024px\" \/>\t\t\t\t\t\t\t\t\t\t\t\t\t\t\t<\/div>\n\t\t\t\t<\/div>\n\t\t\t\t<\/div>\n\t\t<div class=\"elementor-element elementor-element-1aa3eec e-grid e-con-full e-con e-child\" data-id=\"1aa3eec\" data-element_type=\"container\" data-e-type=\"container\">\n\t\t\t\t<div class=\"elementor-element elementor-element-0f326cd elementor-widget elementor-widget-image\" data-id=\"0f326cd\" data-element_type=\"widget\" data-e-type=\"widget\" data-widget_type=\"image.default\">\n\t\t\t\t<div class=\"elementor-widget-container\">\n\t\t\t\t\t\t\t\t\t\t\t\t\t\t\t<img loading=\"lazy\" decoding=\"async\" width=\"590\" height=\"578\" src=\"https:\/\/bridgecoffee.com.br\/wp-content\/uploads\/2024\/08\/logo-comercial.png\" class=\"attachment-large size-large wp-image-5955\" alt=\"\" srcset=\"https:\/\/bridgecoffee.com.br\/wp-content\/uploads\/2024\/08\/logo-comercial.png 590w, https:\/\/bridgecoffee.com.br\/wp-content\/uploads\/2024\/08\/logo-comercial-300x294.png 300w, https:\/\/bridgecoffee.com.br\/wp-content\/uploads\/2024\/08\/logo-comercial-12x12.png 12w\" sizes=\"(max-width: 590px) 100vw, 590px\" \/>\t\t\t\t\t\t\t\t\t\t\t\t\t\t\t<\/div>\n\t\t\t\t<\/div>\n\t\t\t\t<div class=\"elementor-element elementor-element-99dfc80 elementor-widget elementor-widget-image\" data-id=\"99dfc80\" data-element_type=\"widget\" data-e-type=\"widget\" data-widget_type=\"image.default\">\n\t\t\t\t<div class=\"elementor-widget-container\">\n\t\t\t\t\t\t\t\t\t\t\t\t\t\t\t<img loading=\"lazy\" decoding=\"async\" width=\"590\" height=\"578\" src=\"https:\/\/bridgecoffee.com.br\/wp-content\/uploads\/2024\/11\/Logo-atiga.png\" class=\"attachment-large size-large wp-image-6180\" alt=\"\" srcset=\"https:\/\/bridgecoffee.com.br\/wp-content\/uploads\/2024\/11\/Logo-atiga.png 590w, https:\/\/bridgecoffee.com.br\/wp-content\/uploads\/2024\/11\/Logo-atiga-300x294.png 300w, https:\/\/bridgecoffee.com.br\/wp-content\/uploads\/2024\/11\/Logo-atiga-12x12.png 12w\" sizes=\"(max-width: 590px) 100vw, 590px\" \/>\t\t\t\t\t\t\t\t\t\t\t\t\t\t\t<\/div>\n\t\t\t\t<\/div>\n\t\t\t\t<div class=\"elementor-element elementor-element-a6712c0 elementor-widget elementor-widget-image\" data-id=\"a6712c0\" data-element_type=\"widget\" data-e-type=\"widget\" data-widget_type=\"image.default\">\n\t\t\t\t<div class=\"elementor-widget-container\">\n\t\t\t\t\t\t\t\t\t\t\t\t\t\t\t<img loading=\"lazy\" decoding=\"async\" width=\"1024\" height=\"1024\" src=\"https:\/\/bridgecoffee.com.br\/wp-content\/uploads\/2024\/11\/LOGO-2-1024x1024.png\" class=\"attachment-large size-large wp-image-6181\" alt=\"\" srcset=\"https:\/\/bridgecoffee.com.br\/wp-content\/uploads\/2024\/11\/LOGO-2-1024x1024.png 1024w, https:\/\/bridgecoffee.com.br\/wp-content\/uploads\/2024\/11\/LOGO-2-300x300.png 300w, https:\/\/bridgecoffee.com.br\/wp-content\/uploads\/2024\/11\/LOGO-2-150x150.png 150w, https:\/\/bridgecoffee.com.br\/wp-content\/uploads\/2024\/11\/LOGO-2-768x768.png 768w, https:\/\/bridgecoffee.com.br\/wp-content\/uploads\/2024\/11\/LOGO-2-12x12.png 12w, https:\/\/bridgecoffee.com.br\/wp-content\/uploads\/2024\/11\/LOGO-2-600x600.png 600w, https:\/\/bridgecoffee.com.br\/wp-content\/uploads\/2024\/11\/LOGO-2.png 1081w\" sizes=\"(max-width: 1024px) 100vw, 1024px\" \/>\t\t\t\t\t\t\t\t\t\t\t\t\t\t\t<\/div>\n\t\t\t\t<\/div>\n\t\t\t\t<div class=\"elementor-element elementor-element-f4d1c13 elementor-widget elementor-widget-heading\" data-id=\"f4d1c13\" data-element_type=\"widget\" data-e-type=\"widget\" data-widget_type=\"heading.default\">\n\t\t\t\t<div class=\"elementor-widget-container\">\n\t\t\t\t\t<h2 class=\"elementor-heading-title elementor-size-default\">Atacado<\/h2>\t\t\t\t<\/div>\n\t\t\t\t<\/div>\n\t\t\t\t<div class=\"elementor-element elementor-element-ce59313 elementor-widget elementor-widget-heading\" data-id=\"ce59313\" data-element_type=\"widget\" data-e-type=\"widget\" data-widget_type=\"heading.default\">\n\t\t\t\t<div class=\"elementor-widget-container\">\n\t\t\t\t\t<h2 class=\"elementor-heading-title elementor-size-default\">Cafeterias<\/h2>\t\t\t\t<\/div>\n\t\t\t\t<\/div>\n\t\t\t\t<div class=\"elementor-element elementor-element-5d19bdb elementor-widget elementor-widget-heading\" data-id=\"5d19bdb\" data-element_type=\"widget\" data-e-type=\"widget\" data-widget_type=\"heading.default\">\n\t\t\t\t<div class=\"elementor-widget-container\">\n\t\t\t\t\t<h2 class=\"elementor-heading-title elementor-size-default\">Ecommerce<\/h2>\t\t\t\t<\/div>\n\t\t\t\t<\/div>\n\t\t\t\t<\/div>\n\t\t\t\t\t<\/div>\n\t\t\t\t<\/div>\n\t\t\t\t<\/div>","protected":false},"excerpt":{"rendered":"<p>2019Idealiza\u00e7\u00e3oUm prop\u00f3sito Com prop\u00f3sito de introduzir o caf\u00e9 especial para quem ainda n\u00e3o conhece, vem a ideia de ser a ponte entre o campo e a cidade, nascendo assim a Bridge Coffee. (Bridge \u00e9 ponte em ingl\u00eas) Maio de 2022Em pr\u00e1ticaM\u00e3os na massa Concretiza\u00e7\u00e3o da identidade visual e abertura do site e redes sociais da [&hellip;]<\/p>","protected":false},"author":1,"featured_media":0,"parent":0,"menu_order":0,"comment_status":"closed","ping_status":"closed","template":"elementor_header_footer","meta":{"om_disable_all_campaigns":false,"_monsterinsights_skip_tracking":false,"_monsterinsights_sitenote_active":false,"_monsterinsights_sitenote_note":"","_monsterinsights_sitenote_category":0,"footnotes":""},"class_list":["post-1803","page","type-page","status-publish","hentry","entry"],"aioseo_notices":[],"_links":{"self":[{"href":"https:\/\/bridgecoffee.com.br\/en\/wp-json\/wp\/v2\/pages\/1803","targetHints":{"allow":["GET"]}}],"collection":[{"href":"https:\/\/bridgecoffee.com.br\/en\/wp-json\/wp\/v2\/pages"}],"about":[{"href":"https:\/\/bridgecoffee.com.br\/en\/wp-json\/wp\/v2\/types\/page"}],"author":[{"embeddable":true,"href":"https:\/\/bridgecoffee.com.br\/en\/wp-json\/wp\/v2\/users\/1"}],"replies":[{"embeddable":true,"href":"https:\/\/bridgecoffee.com.br\/en\/wp-json\/wp\/v2\/comments?post=1803"}],"version-history":[{"count":0,"href":"https:\/\/bridgecoffee.com.br\/en\/wp-json\/wp\/v2\/pages\/1803\/revisions"}],"wp:attachment":[{"href":"https:\/\/bridgecoffee.com.br\/en\/wp-json\/wp\/v2\/media?parent=1803"}],"curies":[{"name":"wp","href":"https:\/\/api.w.org\/{rel}","templated":true}]}}